{"id":216532,"date":"2023-02-09T17:54:10","date_gmt":"2023-02-09T20:54:10","guid":{"rendered":"https:\/\/www.livrariarema.com.br\/loja\/produtos\/sem categoria\/biblia-para-meninas\/"},"modified":"2026-03-24T12:09:48","modified_gmt":"2026-03-24T15:09:48","slug":"biblia-para-meninas","status":"publish","type":"product","link":"https:\/\/www.livrariarema.com.br\/loja\/produtos\/livros\/infantil\/biblia-para-meninas\/","title":{"rendered":"B\u00edblia Para Meninas"},"content":{"rendered":"<p>Encante-se com as mais belas hist\u00f3rias da B\u00edblia, como `Deus cria o mundo e todas as criaturas`, `A arca de No\u00e9 e a tempestade`, `O nascimento do Menino Jesus` e muitas outras, que levam voc\u00ea a se aproximar de Deus, o grande Criador do Universo! Al\u00e9m das hist\u00f3rias, h\u00e1 lindos ensinamentos, para voc\u00ea refletir sobre cada um deles.<\/p>\n","protected":false},"excerpt":{"rendered":"<p>Encante-se com as mais belas hist\u00f3rias da B\u00edblia, como `Deus cria o mundo e todas as criaturas`, `A arca de&hellip;<\/p>\n","protected":false},"featured_media":346705,"comment_status":"open","ping_status":"closed","template":"","meta":[],"product_cat":[144,134],"product_tag":[],"_links":{"self":[{"href":"https:\/\/www.livrariarema.com.br\/loja\/wp-json\/wp\/v2\/product\/216532"}],"collection":[{"href":"https:\/\/www.livrariarema.com.br\/loja\/wp-json\/wp\/v2\/product"}],"about":[{"href":"https:\/\/www.livrariarema.com.br\/loja\/wp-json\/wp\/v2\/types\/product"}],"replies":[{"embeddable":true,"href":"https:\/\/www.livrariarema.com.br\/loja\/wp-json\/wp\/v2\/comments?post=216532"}],"wp:featuredmedia":[{"embeddable":true,"href":"https:\/\/www.livrariarema.com.br\/loja\/wp-json\/wp\/v2\/media\/346705"}],"wp:attachment":[{"href":"https:\/\/www.livrariarema.com.br\/loja\/wp-json\/wp\/v2\/media?parent=216532"}],"wp:term":[{"taxonomy":"product_cat","embeddable":true,"href":"https:\/\/www.livrariarema.com.br\/loja\/wp-json\/wp\/v2\/product_cat?post=216532"},{"taxonomy":"product_tag","embeddable":true,"href":"https:\/\/www.livrariarema.com.br\/loja\/wp-json\/wp\/v2\/product_tag?post=216532"}],"curies":[{"name":"wp","href":"https:\/\/api.w.org\/{rel}","templated":true}]}}