{"id":216570,"date":"2023-02-09T18:01:42","date_gmt":"2023-02-09T21:01:42","guid":{"rendered":"https:\/\/www.livrariarema.com.br\/loja\/produtos\/sem categoria\/le-pra-mim-festa-no-ceu\/"},"modified":"2026-03-24T11:20:59","modified_gmt":"2026-03-24T14:20:59","slug":"le-pra-mim-festa-no-ceu","status":"publish","type":"product","link":"https:\/\/www.livrariarema.com.br\/loja\/produtos\/livros\/infantil\/le-pra-mim-festa-no-ceu\/","title":{"rendered":"L\u00ea Pra Mim &#8211; Festa No C\u00e9u"},"content":{"rendered":"<p>Sem querer ficar de fora da festa que est\u00e1 acontecendo no c\u00e9u, o jabuti cria um plano que mudar\u00e1 para sempre sua apar\u00eancia. Qual ser\u00e1?<\/p>\n","protected":false},"excerpt":{"rendered":"<p>Sem querer ficar de fora da festa que est\u00e1 acontecendo no c\u00e9u, o jabuti cria um plano que mudar\u00e1 para&hellip;<\/p>\n","protected":false},"featured_media":346632,"comment_status":"open","ping_status":"closed","template":"","meta":[],"product_cat":[144,134],"product_tag":[],"_links":{"self":[{"href":"https:\/\/www.livrariarema.com.br\/loja\/wp-json\/wp\/v2\/product\/216570"}],"collection":[{"href":"https:\/\/www.livrariarema.com.br\/loja\/wp-json\/wp\/v2\/product"}],"about":[{"href":"https:\/\/www.livrariarema.com.br\/loja\/wp-json\/wp\/v2\/types\/product"}],"replies":[{"embeddable":true,"href":"https:\/\/www.livrariarema.com.br\/loja\/wp-json\/wp\/v2\/comments?post=216570"}],"wp:featuredmedia":[{"embeddable":true,"href":"https:\/\/www.livrariarema.com.br\/loja\/wp-json\/wp\/v2\/media\/346632"}],"wp:attachment":[{"href":"https:\/\/www.livrariarema.com.br\/loja\/wp-json\/wp\/v2\/media?parent=216570"}],"wp:term":[{"taxonomy":"product_cat","embeddable":true,"href":"https:\/\/www.livrariarema.com.br\/loja\/wp-json\/wp\/v2\/product_cat?post=216570"},{"taxonomy":"product_tag","embeddable":true,"href":"https:\/\/www.livrariarema.com.br\/loja\/wp-json\/wp\/v2\/product_tag?post=216570"}],"curies":[{"name":"wp","href":"https:\/\/api.w.org\/{rel}","templated":true}]}}