{"id":216613,"date":"2023-02-10T09:26:19","date_gmt":"2023-02-10T12:26:19","guid":{"rendered":"https:\/\/www.livrariarema.com.br\/loja\/produtos\/sem categoria\/livro-com-aquarela-3-palavrinhas-amigos-do-senhor\/"},"modified":"2025-11-21T11:31:19","modified_gmt":"2025-11-21T14:31:19","slug":"livro-com-aquarela-3-palavrinhas-amigos-do-senhor","status":"publish","type":"product","link":"https:\/\/www.livrariarema.com.br\/loja\/produtos\/livros\/infantil\/livro-com-aquarela-3-palavrinhas-amigos-do-senhor\/","title":{"rendered":"Livro Com Aquarela &#8211; 3 Palavrinhas &#8211; Amigos Do Senhor"},"content":{"rendered":"<p>Sarah, Davi e Miguel s\u00e3o grandes amigos. Sabe o que esse trio especial tem em comum? Uma linda amizade com Deus. Venha descobrir um pouco mais sobre esses amigos fi\u00e9is, enquanto se diverte pintando as belas ilustra\u00e7\u00f5es deste livro com aquarela. 1, 2, 3 e vamos pintar!<\/p>\n","protected":false},"excerpt":{"rendered":"<p>Sarah, Davi e Miguel s\u00e3o grandes amigos. Sabe o que esse trio especial tem em comum? Uma linda amizade com&hellip;<\/p>\n","protected":false},"featured_media":329339,"comment_status":"open","ping_status":"closed","template":"","meta":[],"product_cat":[144,134],"product_tag":[],"_links":{"self":[{"href":"https:\/\/www.livrariarema.com.br\/loja\/wp-json\/wp\/v2\/product\/216613"}],"collection":[{"href":"https:\/\/www.livrariarema.com.br\/loja\/wp-json\/wp\/v2\/product"}],"about":[{"href":"https:\/\/www.livrariarema.com.br\/loja\/wp-json\/wp\/v2\/types\/product"}],"replies":[{"embeddable":true,"href":"https:\/\/www.livrariarema.com.br\/loja\/wp-json\/wp\/v2\/comments?post=216613"}],"wp:featuredmedia":[{"embeddable":true,"href":"https:\/\/www.livrariarema.com.br\/loja\/wp-json\/wp\/v2\/media\/329339"}],"wp:attachment":[{"href":"https:\/\/www.livrariarema.com.br\/loja\/wp-json\/wp\/v2\/media?parent=216613"}],"wp:term":[{"taxonomy":"product_cat","embeddable":true,"href":"https:\/\/www.livrariarema.com.br\/loja\/wp-json\/wp\/v2\/product_cat?post=216613"},{"taxonomy":"product_tag","embeddable":true,"href":"https:\/\/www.livrariarema.com.br\/loja\/wp-json\/wp\/v2\/product_tag?post=216613"}],"curies":[{"name":"wp","href":"https:\/\/api.w.org\/{rel}","templated":true}]}}