{"id":216648,"date":"2023-02-10T09:43:45","date_gmt":"2023-02-10T12:43:45","guid":{"rendered":"https:\/\/www.livrariarema.com.br\/loja\/produtos\/sem%20categoria\/uma-casa-na-pradaria-laura-ingalls-wilder\/"},"modified":"2026-03-24T11:23:03","modified_gmt":"2026-03-24T14:23:03","slug":"uma-casa-na-pradaria-laura-ingalls-wilder","status":"publish","type":"product","link":"https:\/\/www.livrariarema.com.br\/loja\/produtos\/livros\/juvenil\/uma-casa-na-pradaria-laura-ingalls-wilder\/","title":{"rendered":"Os Pioneiros Americanos &#8211; Livro 3 &#8211; Uma Casa Na Pradaria &#8211; Laura Ingalls Wilder"},"content":{"rendered":"<p>Em Uma casa na pradaria (1935), os Ingalls se instalam em territ\u00f3rio ind\u00edgena, porque Pa ouviu dizer que a regi\u00e3o logo ser\u00e1 entregue a colonos brancos e sabe que os primeiros a chegar ser\u00e3o favorecidos<\/p>\n","protected":false},"excerpt":{"rendered":"<p>Em Uma casa na pradaria (1935), os Ingalls se instalam em territ\u00f3rio ind\u00edgena, porque Pa ouviu dizer que a regi\u00e3o&hellip;<\/p>\n","protected":false},"featured_media":346640,"comment_status":"open","ping_status":"closed","template":"","meta":[],"product_cat":[184,134],"product_tag":[],"_links":{"self":[{"href":"https:\/\/www.livrariarema.com.br\/loja\/wp-json\/wp\/v2\/product\/216648"}],"collection":[{"href":"https:\/\/www.livrariarema.com.br\/loja\/wp-json\/wp\/v2\/product"}],"about":[{"href":"https:\/\/www.livrariarema.com.br\/loja\/wp-json\/wp\/v2\/types\/product"}],"replies":[{"embeddable":true,"href":"https:\/\/www.livrariarema.com.br\/loja\/wp-json\/wp\/v2\/comments?post=216648"}],"wp:featuredmedia":[{"embeddable":true,"href":"https:\/\/www.livrariarema.com.br\/loja\/wp-json\/wp\/v2\/media\/346640"}],"wp:attachment":[{"href":"https:\/\/www.livrariarema.com.br\/loja\/wp-json\/wp\/v2\/media?parent=216648"}],"wp:term":[{"taxonomy":"product_cat","embeddable":true,"href":"https:\/\/www.livrariarema.com.br\/loja\/wp-json\/wp\/v2\/product_cat?post=216648"},{"taxonomy":"product_tag","embeddable":true,"href":"https:\/\/www.livrariarema.com.br\/loja\/wp-json\/wp\/v2\/product_tag?post=216648"}],"curies":[{"name":"wp","href":"https:\/\/api.w.org\/{rel}","templated":true}]}}