{"id":220622,"date":"2023-03-07T10:16:38","date_gmt":"2023-03-07T13:16:38","guid":{"rendered":"https:\/\/www.livrariarema.com.br\/loja\/produtos\/sem%20categoria\/biblia-nvi-proverbios-com-plano-de-leitura\/"},"modified":"2026-03-13T16:58:42","modified_gmt":"2026-03-13T19:58:42","slug":"biblia-nvi-proverbios-com-plano-de-leitura","status":"publish","type":"product","link":"https:\/\/www.livrariarema.com.br\/loja\/produtos\/biblias\/nvi\/biblia-nvi-proverbios-com-plano-de-leitura\/","title":{"rendered":"B\u00edblia Nvi &#8211; Prov\u00e9rbios &#8211; Com Plano De Leitura"},"content":{"rendered":"<p>A Nova Vers\u00e3o Internacional (NVI) \u00e9 uma tradu\u00e7\u00e3o moderna e confi\u00e1vel da B\u00edblia.<\/p>\n<p>Ela foi traduzida em solo brasileiro a partir das l\u00ednguas originais (hebraico, aramaico e grego) por especialistas em Antigo e Novo Testamento. O principal objetivo da NVI \u00e9 capturar fielmente a Palavra de Deus para o leitor contempor\u00e2neo, oferecendo ao p\u00fablico uma tradu\u00e7\u00e3o fiel e ao mesmo tempo acess\u00edvel.<\/p>\n<p>No final deste texto b\u00edblico atualizad\u00edssimo, h\u00e1 um recurso adicional:<\/p>\n<p>Estudo intitulado &#8220;Sete verdades fundamentais&#8221; + Plano de Leitura Anual<\/p>\n","protected":false},"excerpt":{"rendered":"<p>A Nova Vers\u00e3o Internacional (NVI) \u00e9 uma tradu\u00e7\u00e3o moderna e confi\u00e1vel da B\u00edblia. Ela foi traduzida em solo brasileiro a&hellip;<\/p>\n","protected":false},"featured_media":346136,"comment_status":"open","ping_status":"closed","template":"","meta":[],"product_cat":[139,166],"product_tag":[],"_links":{"self":[{"href":"https:\/\/www.livrariarema.com.br\/loja\/wp-json\/wp\/v2\/product\/220622"}],"collection":[{"href":"https:\/\/www.livrariarema.com.br\/loja\/wp-json\/wp\/v2\/product"}],"about":[{"href":"https:\/\/www.livrariarema.com.br\/loja\/wp-json\/wp\/v2\/types\/product"}],"replies":[{"embeddable":true,"href":"https:\/\/www.livrariarema.com.br\/loja\/wp-json\/wp\/v2\/comments?post=220622"}],"wp:featuredmedia":[{"embeddable":true,"href":"https:\/\/www.livrariarema.com.br\/loja\/wp-json\/wp\/v2\/media\/346136"}],"wp:attachment":[{"href":"https:\/\/www.livrariarema.com.br\/loja\/wp-json\/wp\/v2\/media?parent=220622"}],"wp:term":[{"taxonomy":"product_cat","embeddable":true,"href":"https:\/\/www.livrariarema.com.br\/loja\/wp-json\/wp\/v2\/product_cat?post=220622"},{"taxonomy":"product_tag","embeddable":true,"href":"https:\/\/www.livrariarema.com.br\/loja\/wp-json\/wp\/v2\/product_tag?post=220622"}],"curies":[{"name":"wp","href":"https:\/\/api.w.org\/{rel}","templated":true}]}}