{"id":221580,"date":"2023-03-13T10:49:07","date_gmt":"2023-03-13T13:49:07","guid":{"rendered":"https:\/\/www.livrariarema.com.br\/loja\/produtos\/sem%20categoria\/fazendo-teologia-de-olho-na-crianca-valdir-steuernagel\/"},"modified":"2026-03-11T14:43:55","modified_gmt":"2026-03-11T17:43:55","slug":"fazendo-teologia-de-olho-na-crianca-valdir-steuernagel","status":"publish","type":"product","link":"https:\/\/www.livrariarema.com.br\/loja\/produtos\/livros\/devocional\/fazendo-teologia-de-olho-na-crianca-valdir-steuernagel\/","title":{"rendered":"Fazendo Teologia De Olho Na Crian\u00e7a &#8211; Valdir Steuernagel"},"content":{"rendered":"<p>Em narrativa com forte apelo autobiogr\u00e1fico, Valdir Steuernagel convida o leitor e a leitora a uma retrospectiva ministerial repleta de desafios e inestim\u00e1veis aprendizados. Valdir compartilha o que o fez colocar a crian\u00e7a no centro de sua atua\u00e7\u00e3o e como essa op\u00e7\u00e3o pelos pequeninos reorientou sua trajet\u00f3ria com Deus e o pr\u00f3ximo. Nas palavras do autor, &#8220;um encontro que me chama para uma cont\u00ednua convers\u00e3o para Deus, para o outro e para a minha pr\u00f3pria alma&#8221;.<\/p>\n<p>No contato com seus netos e com as crian\u00e7as atendidas pela organiza\u00e7\u00e3o Vis\u00e3o Mundial, na qual atua h\u00e1 mais de trinta anos, Valdir redescobriu o evangelho, surpreendido que foi pela singularidade da f\u00e9 e da confian\u00e7a que elas demonstram. A espiritualidade instintiva e intuitiva, a rela\u00e7\u00e3o com o transcendente e o jeito natural de crer o fizeram perceber quanto os pequeninos t\u00eam a ensinar aos adultos sobre Deus.<\/p>\n<p>A extrema e desafiadora condi\u00e7\u00e3o em que vivem milh\u00f5es de crian\u00e7as em todo o planeta, realidade presenciada pelo autor em diversas viagens pelo Brasil e ao redor do mundo empobrecido, levou Valdir a ressignificar sua teologia, inicialmente perplexa diante da dor, injusti\u00e7a e sofrimento, mas que se revigorou ao experimentar um Deus cuja presen\u00e7a gera acolhimento e esperan\u00e7a.<\/p>\n","protected":false},"excerpt":{"rendered":"<p>Em narrativa com forte apelo autobiogr\u00e1fico, Valdir Steuernagel convida o leitor e a leitora a uma retrospectiva ministerial repleta de&hellip;<\/p>\n","protected":false},"featured_media":345977,"comment_status":"open","ping_status":"closed","template":"","meta":[],"product_cat":[158,134],"product_tag":[],"_links":{"self":[{"href":"https:\/\/www.livrariarema.com.br\/loja\/wp-json\/wp\/v2\/product\/221580"}],"collection":[{"href":"https:\/\/www.livrariarema.com.br\/loja\/wp-json\/wp\/v2\/product"}],"about":[{"href":"https:\/\/www.livrariarema.com.br\/loja\/wp-json\/wp\/v2\/types\/product"}],"replies":[{"embeddable":true,"href":"https:\/\/www.livrariarema.com.br\/loja\/wp-json\/wp\/v2\/comments?post=221580"}],"wp:featuredmedia":[{"embeddable":true,"href":"https:\/\/www.livrariarema.com.br\/loja\/wp-json\/wp\/v2\/media\/345977"}],"wp:attachment":[{"href":"https:\/\/www.livrariarema.com.br\/loja\/wp-json\/wp\/v2\/media?parent=221580"}],"wp:term":[{"taxonomy":"product_cat","embeddable":true,"href":"https:\/\/www.livrariarema.com.br\/loja\/wp-json\/wp\/v2\/product_cat?post=221580"},{"taxonomy":"product_tag","embeddable":true,"href":"https:\/\/www.livrariarema.com.br\/loja\/wp-json\/wp\/v2\/product_tag?post=221580"}],"curies":[{"name":"wp","href":"https:\/\/api.w.org\/{rel}","templated":true}]}}