{"id":221808,"date":"2023-03-14T11:56:52","date_gmt":"2023-03-14T14:56:52","guid":{"rendered":"https:\/\/www.livrariarema.com.br\/loja\/produtos\/sem categoria\/caneta-gel-jocar-office-brilho-ponta-media-1-0-lilas\/"},"modified":"2025-07-31T13:03:23","modified_gmt":"2025-07-31T16:03:23","slug":"caneta-gel-jocar-office-brilho-ponta-media-1-0-lilas","status":"publish","type":"product","link":"https:\/\/www.livrariarema.com.br\/loja\/produtos\/papelaria\/canetas\/caneta-gel-jocar-office-brilho-ponta-media-1-0-lilas\/","title":{"rendered":"Caneta Gel &#8211; Jocar Office &#8211; Brilho &#8211; Ponta M\u00e9dia 1.0 &#8211; Lil\u00e1s"},"content":{"rendered":"<p>Corpo em resina termopl\u00e1stica, ponta de lat\u00e3o e esfera em carboneto de cromo, e tinta \u00e0 base de pigmentos e solventes.<\/p>\n<p>Registro Inmetro 005 638\/2016<\/p>\n","protected":false},"excerpt":{"rendered":"<p>Corpo em resina termopl\u00e1stica, ponta de lat\u00e3o e esfera em carboneto de cromo, e tinta \u00e0 base de pigmentos e&hellip;<\/p>\n","protected":false},"featured_media":334942,"comment_status":"open","ping_status":"closed","template":"","meta":[],"product_cat":[216,215],"product_tag":[],"_links":{"self":[{"href":"https:\/\/www.livrariarema.com.br\/loja\/wp-json\/wp\/v2\/product\/221808"}],"collection":[{"href":"https:\/\/www.livrariarema.com.br\/loja\/wp-json\/wp\/v2\/product"}],"about":[{"href":"https:\/\/www.livrariarema.com.br\/loja\/wp-json\/wp\/v2\/types\/product"}],"replies":[{"embeddable":true,"href":"https:\/\/www.livrariarema.com.br\/loja\/wp-json\/wp\/v2\/comments?post=221808"}],"wp:featuredmedia":[{"embeddable":true,"href":"https:\/\/www.livrariarema.com.br\/loja\/wp-json\/wp\/v2\/media\/334942"}],"wp:attachment":[{"href":"https:\/\/www.livrariarema.com.br\/loja\/wp-json\/wp\/v2\/media?parent=221808"}],"wp:term":[{"taxonomy":"product_cat","embeddable":true,"href":"https:\/\/www.livrariarema.com.br\/loja\/wp-json\/wp\/v2\/product_cat?post=221808"},{"taxonomy":"product_tag","embeddable":true,"href":"https:\/\/www.livrariarema.com.br\/loja\/wp-json\/wp\/v2\/product_tag?post=221808"}],"curies":[{"name":"wp","href":"https:\/\/api.w.org\/{rel}","templated":true}]}}