{"id":222378,"date":"2023-03-15T17:10:37","date_gmt":"2023-03-15T20:10:37","guid":{"rendered":"https:\/\/www.livrariarema.com.br\/loja\/produtos\/sem%20categoria\/caneta-cis-graf-duo-natural-oak-91\/"},"modified":"2025-07-31T13:16:39","modified_gmt":"2025-07-31T16:16:39","slug":"caneta-cis-graf-duo-natural-oak-91","status":"publish","type":"product","link":"https:\/\/www.livrariarema.com.br\/loja\/produtos\/papelaria\/canetas\/caneta-cis-graf-duo-natural-oak-91\/","title":{"rendered":"Caneta &#8211; Cis &#8211; Graf &#8211; Duo &#8211; Natural Oak &#8211; 91"},"content":{"rendered":"<p>Marcador art\u00edstico para uso profissional.<br \/>\nRegistro Inmetro: N\u00e3o se Aplica<\/p>\n<p>Caracter\u00edsticas:<\/p>\n<p>-2 pontas: 1 m\u00e9dia e 1 larga chanfrada.<br \/>\n-Design ergon\u00f4mico.<br \/>\n-Tinta pigmentada permanente.<br \/>\n-Cores vibrantes.<br \/>\n-Cor: Natural Oak(ref. 91).<\/p>\n","protected":false},"excerpt":{"rendered":"<p>Marcador art\u00edstico para uso profissional. Registro Inmetro: N\u00e3o se Aplica Caracter\u00edsticas: -2 pontas: 1 m\u00e9dia e 1 larga chanfrada. -Design&hellip;<\/p>\n","protected":false},"featured_media":335047,"comment_status":"open","ping_status":"closed","template":"","meta":[],"product_cat":[216,215],"product_tag":[],"_links":{"self":[{"href":"https:\/\/www.livrariarema.com.br\/loja\/wp-json\/wp\/v2\/product\/222378"}],"collection":[{"href":"https:\/\/www.livrariarema.com.br\/loja\/wp-json\/wp\/v2\/product"}],"about":[{"href":"https:\/\/www.livrariarema.com.br\/loja\/wp-json\/wp\/v2\/types\/product"}],"replies":[{"embeddable":true,"href":"https:\/\/www.livrariarema.com.br\/loja\/wp-json\/wp\/v2\/comments?post=222378"}],"wp:featuredmedia":[{"embeddable":true,"href":"https:\/\/www.livrariarema.com.br\/loja\/wp-json\/wp\/v2\/media\/335047"}],"wp:attachment":[{"href":"https:\/\/www.livrariarema.com.br\/loja\/wp-json\/wp\/v2\/media?parent=222378"}],"wp:term":[{"taxonomy":"product_cat","embeddable":true,"href":"https:\/\/www.livrariarema.com.br\/loja\/wp-json\/wp\/v2\/product_cat?post=222378"},{"taxonomy":"product_tag","embeddable":true,"href":"https:\/\/www.livrariarema.com.br\/loja\/wp-json\/wp\/v2\/product_tag?post=222378"}],"curies":[{"name":"wp","href":"https:\/\/api.w.org\/{rel}","templated":true}]}}