{"id":222676,"date":"2023-03-16T11:35:11","date_gmt":"2023-03-16T14:35:11","guid":{"rendered":"https:\/\/www.livrariarema.com.br\/loja\/produtos\/sem%20categoria\/caneta-esferografica-xtreme-retratil-0-7mm-azul\/"},"modified":"2026-03-16T12:00:34","modified_gmt":"2026-03-16T15:00:34","slug":"caneta-esferografica-xtreme-retratil-0-7mm-azul","status":"publish","type":"product","link":"https:\/\/www.livrariarema.com.br\/loja\/produtos\/papelaria\/canetas\/caneta-esferografica-xtreme-retratil-0-7mm-azul\/","title":{"rendered":"Caneta Esferogr\u00e1fica &#8211; Xtreme &#8211; Retr\u00e1til &#8211; 0.7Mm &#8211; Azul"},"content":{"rendered":"<p>Registro Inmetro: N\u00e3o se Aplica<\/p>\n","protected":false},"excerpt":{"rendered":"<p>Registro Inmetro: N\u00e3o se Aplica<\/p>\n","protected":false},"featured_media":334914,"comment_status":"open","ping_status":"closed","template":"","meta":[],"product_cat":[216,215],"product_tag":[],"_links":{"self":[{"href":"https:\/\/www.livrariarema.com.br\/loja\/wp-json\/wp\/v2\/product\/222676"}],"collection":[{"href":"https:\/\/www.livrariarema.com.br\/loja\/wp-json\/wp\/v2\/product"}],"about":[{"href":"https:\/\/www.livrariarema.com.br\/loja\/wp-json\/wp\/v2\/types\/product"}],"replies":[{"embeddable":true,"href":"https:\/\/www.livrariarema.com.br\/loja\/wp-json\/wp\/v2\/comments?post=222676"}],"wp:featuredmedia":[{"embeddable":true,"href":"https:\/\/www.livrariarema.com.br\/loja\/wp-json\/wp\/v2\/media\/334914"}],"wp:attachment":[{"href":"https:\/\/www.livrariarema.com.br\/loja\/wp-json\/wp\/v2\/media?parent=222676"}],"wp:term":[{"taxonomy":"product_cat","embeddable":true,"href":"https:\/\/www.livrariarema.com.br\/loja\/wp-json\/wp\/v2\/product_cat?post=222676"},{"taxonomy":"product_tag","embeddable":true,"href":"https:\/\/www.livrariarema.com.br\/loja\/wp-json\/wp\/v2\/product_tag?post=222676"}],"curies":[{"name":"wp","href":"https:\/\/api.w.org\/{rel}","templated":true}]}}