{"id":222678,"date":"2023-03-16T11:35:17","date_gmt":"2023-03-16T14:35:17","guid":{"rendered":"https:\/\/www.livrariarema.com.br\/loja\/produtos\/sem%20categoria\/caneta-esferografica-xtreme-retratil-1-0mm-azul\/"},"modified":"2025-12-09T16:42:30","modified_gmt":"2025-12-09T19:42:30","slug":"caneta-esferografica-xtreme-retratil-1-0mm-azul","status":"publish","type":"product","link":"https:\/\/www.livrariarema.com.br\/loja\/produtos\/papelaria\/canetas\/caneta-esferografica-xtreme-retratil-1-0mm-azul\/","title":{"rendered":"Caneta Esferogr\u00e1fica &#8211; Xtreme &#8211; Retr\u00e1til &#8211; 1.0Mm &#8211; Azul"},"content":{"rendered":"<p>Registro Inmetro: N\u00e3o se Aplica<\/p>\n","protected":false},"excerpt":{"rendered":"<p>Registro Inmetro: N\u00e3o se Aplica<\/p>\n","protected":false},"featured_media":334915,"comment_status":"open","ping_status":"closed","template":"","meta":[],"product_cat":[216,215],"product_tag":[],"_links":{"self":[{"href":"https:\/\/www.livrariarema.com.br\/loja\/wp-json\/wp\/v2\/product\/222678"}],"collection":[{"href":"https:\/\/www.livrariarema.com.br\/loja\/wp-json\/wp\/v2\/product"}],"about":[{"href":"https:\/\/www.livrariarema.com.br\/loja\/wp-json\/wp\/v2\/types\/product"}],"replies":[{"embeddable":true,"href":"https:\/\/www.livrariarema.com.br\/loja\/wp-json\/wp\/v2\/comments?post=222678"}],"wp:featuredmedia":[{"embeddable":true,"href":"https:\/\/www.livrariarema.com.br\/loja\/wp-json\/wp\/v2\/media\/334915"}],"wp:attachment":[{"href":"https:\/\/www.livrariarema.com.br\/loja\/wp-json\/wp\/v2\/media?parent=222678"}],"wp:term":[{"taxonomy":"product_cat","embeddable":true,"href":"https:\/\/www.livrariarema.com.br\/loja\/wp-json\/wp\/v2\/product_cat?post=222678"},{"taxonomy":"product_tag","embeddable":true,"href":"https:\/\/www.livrariarema.com.br\/loja\/wp-json\/wp\/v2\/product_tag?post=222678"}],"curies":[{"name":"wp","href":"https:\/\/api.w.org\/{rel}","templated":true}]}}