{"id":222781,"date":"2023-03-16T11:48:31","date_gmt":"2023-03-16T14:48:31","guid":{"rendered":"https:\/\/www.livrariarema.com.br\/loja\/produtos\/sem%20categoria\/caneta-esferografica-xtreme-retratil-1-0mm-vermelha\/"},"modified":"2025-07-31T12:59:51","modified_gmt":"2025-07-31T15:59:51","slug":"caneta-esferografica-xtreme-retratil-1-0mm-vermelha","status":"publish","type":"product","link":"https:\/\/www.livrariarema.com.br\/loja\/produtos\/papelaria\/canetas\/caneta-esferografica-xtreme-retratil-1-0mm-vermelha\/","title":{"rendered":"Caneta Esferogr\u00e1fica &#8211; Xtreme &#8211; Retr\u00e1til &#8211; 1.0Mm &#8211; Vermelha"},"content":{"rendered":"<p>Registro Inmetro: N\u00e3o se Aplica<\/p>\n","protected":false},"excerpt":{"rendered":"<p>Registro Inmetro: N\u00e3o se Aplica<\/p>\n","protected":false},"featured_media":334917,"comment_status":"open","ping_status":"closed","template":"","meta":[],"product_cat":[216,215],"product_tag":[],"_links":{"self":[{"href":"https:\/\/www.livrariarema.com.br\/loja\/wp-json\/wp\/v2\/product\/222781"}],"collection":[{"href":"https:\/\/www.livrariarema.com.br\/loja\/wp-json\/wp\/v2\/product"}],"about":[{"href":"https:\/\/www.livrariarema.com.br\/loja\/wp-json\/wp\/v2\/types\/product"}],"replies":[{"embeddable":true,"href":"https:\/\/www.livrariarema.com.br\/loja\/wp-json\/wp\/v2\/comments?post=222781"}],"wp:featuredmedia":[{"embeddable":true,"href":"https:\/\/www.livrariarema.com.br\/loja\/wp-json\/wp\/v2\/media\/334917"}],"wp:attachment":[{"href":"https:\/\/www.livrariarema.com.br\/loja\/wp-json\/wp\/v2\/media?parent=222781"}],"wp:term":[{"taxonomy":"product_cat","embeddable":true,"href":"https:\/\/www.livrariarema.com.br\/loja\/wp-json\/wp\/v2\/product_cat?post=222781"},{"taxonomy":"product_tag","embeddable":true,"href":"https:\/\/www.livrariarema.com.br\/loja\/wp-json\/wp\/v2\/product_tag?post=222781"}],"curies":[{"name":"wp","href":"https:\/\/api.w.org\/{rel}","templated":true}]}}