{"id":223060,"date":"2023-03-17T16:29:05","date_gmt":"2023-03-17T19:29:05","guid":{"rendered":"https:\/\/www.livrariarema.com.br\/loja\/produtos\/sem%20categoria\/cronicas-de-narnia-principe-caspian-c-s-lewis\/"},"modified":"2026-04-14T14:21:16","modified_gmt":"2026-04-14T17:21:16","slug":"cronicas-de-narnia-principe-caspian-c-s-lewis","status":"publish","type":"product","link":"https:\/\/www.livrariarema.com.br\/loja\/produtos\/livros\/ficcao\/cronicas-de-narnia-principe-caspian-c-s-lewis\/","title":{"rendered":"Cr\u00f4nicas De N\u00e1rnia &#8211; Vol. 2 &#8211; Principe Caspian &#8211; C. S. Lewis"},"content":{"rendered":"<p>Com nova tradu\u00e7\u00e3o de Ronald Kyrmse, esta edi\u00e7\u00e3o de luxo possui capa dura, soft touch e pintura trilateral, al\u00e9m de ter ilustra\u00e7\u00f5es coloridas de Pauline Baynes, a artista favorita de C.S. Lewis e de seu melhor amigo, J.R.R. Tolkien, autor de &#8220;O Hobbit&#8221; e &#8220;O Senhor dos An\u00e9is&#8221;. <\/p>\n<p>Reinos m\u00e1gicos, criaturas inesquec\u00edveis e batalhas \u00e9picas entre o bem e o mal: essas hist\u00f3rias s\u00e3o narradas em As Cr\u00f4nicas de N\u00e1rnia &#8211; uma s\u00e9rie de sete livros que acompanha crian\u00e7as curiosas e suas aventuras entre o nosso mundo e outros universos m\u00e1gicos e que, por d\u00e9cadas, encanta leitores de todas as idades.<br \/>\nPr\u00edncipe Caspian conta a hist\u00f3ria de um per\u00edodo em que N\u00e1rnia era dominada pelo Rei Miraz; toda a magia e encanto de N\u00e1rnia foram abafadas por seu reinado. Seu sobrinho, Caspian X, \u00e9 o rei leg\u00edtimo de N\u00e1rnia e contar\u00e1 com a ajuda de Pedro, Susana, Edmundo e L\u00facia para retomar o trono e restabelecer a paz. <\/p>\n<p>Este \u00e9 o segundo livro da s\u00e9rie de C.S. Lewis, um dos maiores cl\u00e1ssico da literatura infantojuvenil. Promovendo valores como a lealdade, honestidade, justi\u00e7a e bondade, as hist\u00f3rias envolventes de As Cr\u00f4nicas de N\u00e1rnia marcaram gera\u00e7\u00f5es de leitores no mundo todo. <\/p>\n","protected":false},"excerpt":{"rendered":"<p>Com nova tradu\u00e7\u00e3o de Ronald Kyrmse, esta edi\u00e7\u00e3o de luxo possui capa dura, soft touch e pintura trilateral, al\u00e9m de&hellip;<\/p>\n","protected":false},"featured_media":343414,"comment_status":"open","ping_status":"closed","template":"","meta":[],"product_cat":[162,134],"product_tag":[],"_links":{"self":[{"href":"https:\/\/www.livrariarema.com.br\/loja\/wp-json\/wp\/v2\/product\/223060"}],"collection":[{"href":"https:\/\/www.livrariarema.com.br\/loja\/wp-json\/wp\/v2\/product"}],"about":[{"href":"https:\/\/www.livrariarema.com.br\/loja\/wp-json\/wp\/v2\/types\/product"}],"replies":[{"embeddable":true,"href":"https:\/\/www.livrariarema.com.br\/loja\/wp-json\/wp\/v2\/comments?post=223060"}],"wp:featuredmedia":[{"embeddable":true,"href":"https:\/\/www.livrariarema.com.br\/loja\/wp-json\/wp\/v2\/media\/343414"}],"wp:attachment":[{"href":"https:\/\/www.livrariarema.com.br\/loja\/wp-json\/wp\/v2\/media?parent=223060"}],"wp:term":[{"taxonomy":"product_cat","embeddable":true,"href":"https:\/\/www.livrariarema.com.br\/loja\/wp-json\/wp\/v2\/product_cat?post=223060"},{"taxonomy":"product_tag","embeddable":true,"href":"https:\/\/www.livrariarema.com.br\/loja\/wp-json\/wp\/v2\/product_tag?post=223060"}],"curies":[{"name":"wp","href":"https:\/\/api.w.org\/{rel}","templated":true}]}}