{"id":223089,"date":"2023-03-17T16:31:27","date_gmt":"2023-03-17T19:31:27","guid":{"rendered":"https:\/\/www.livrariarema.com.br\/loja\/produtos\/sem categoria\/na-terra-como-no-ceu-n-t-wright\/"},"modified":"2026-04-08T14:05:48","modified_gmt":"2026-04-08T17:05:48","slug":"na-terra-como-no-ceu-n-t-wright","status":"publish","type":"product","link":"https:\/\/www.livrariarema.com.br\/loja\/produtos\/livros\/devocional\/na-terra-como-no-ceu-n-t-wright\/","title":{"rendered":"Na Terra Como No C\u00e9u &#8211; N. T. Wright"},"content":{"rendered":"<p>EXPERIMENTE AS ESTA\u00c7\u00d5ES DO ANO DE FORMA LIT\u00daRGICA<\/p>\n<p>Crer na vit\u00f3ria de Jesus sobre o mal e sobre a morte implica crer tamb\u00e9m que o reino de Deus j\u00e1 foi inaugurado. Essa confian\u00e7a na obra redentora j\u00e1 iniciada &#8211; e a esperan\u00e7a acerca do futuro que ela traz &#8211; deve impactar n\u00e3o apenas nossa forma de viver os domingos ou \u00e9pocas espec\u00edficas do ano, como P\u00e1scoa e Natal, mas tamb\u00e9m nossa maneira de experimentar nossos dias comuns ao longo de todo o ano.<br \/>\nEm Na terra como no c\u00e9u, o te\u00f3logo e biblista N. T. Wright traz uma colet\u00e2nea de 365 trechos de alguns de seus cl\u00e1ssicos. Pensados para serem leituras devocionais, os textos s\u00e3o organizados com base no ano lit\u00fargico &#8211; come\u00e7ando pela P\u00e1scoa, o primeiro dia da nova cria\u00e7\u00e3o &#8211; e cont\u00eam reflex\u00f5es acerca de temas b\u00edblicos como poder, espiritualidade, verdade, liberdade e amor. <br \/>\nSuas medita\u00e7\u00f5es estimulam os crist\u00e3os a ter uma vida fiel e diligente, que produza frutos de justi\u00e7a e beleza j\u00e1 no presente e, assim, prenuncie o maravilhoso futuro de Deus &#8211; quando seu reino ser\u00e1 plenamente estabelecido, tanto na terra como no c\u00e9u.<\/p>\n","protected":false},"excerpt":{"rendered":"<p>EXPERIMENTE AS ESTA\u00c7\u00d5ES DO ANO DE FORMA LIT\u00daRGICA Crer na vit\u00f3ria de Jesus sobre o mal e sobre a morte&hellip;<\/p>\n","protected":false},"featured_media":345265,"comment_status":"open","ping_status":"closed","template":"","meta":[],"product_cat":[158,134],"product_tag":[],"_links":{"self":[{"href":"https:\/\/www.livrariarema.com.br\/loja\/wp-json\/wp\/v2\/product\/223089"}],"collection":[{"href":"https:\/\/www.livrariarema.com.br\/loja\/wp-json\/wp\/v2\/product"}],"about":[{"href":"https:\/\/www.livrariarema.com.br\/loja\/wp-json\/wp\/v2\/types\/product"}],"replies":[{"embeddable":true,"href":"https:\/\/www.livrariarema.com.br\/loja\/wp-json\/wp\/v2\/comments?post=223089"}],"wp:featuredmedia":[{"embeddable":true,"href":"https:\/\/www.livrariarema.com.br\/loja\/wp-json\/wp\/v2\/media\/345265"}],"wp:attachment":[{"href":"https:\/\/www.livrariarema.com.br\/loja\/wp-json\/wp\/v2\/media?parent=223089"}],"wp:term":[{"taxonomy":"product_cat","embeddable":true,"href":"https:\/\/www.livrariarema.com.br\/loja\/wp-json\/wp\/v2\/product_cat?post=223089"},{"taxonomy":"product_tag","embeddable":true,"href":"https:\/\/www.livrariarema.com.br\/loja\/wp-json\/wp\/v2\/product_tag?post=223089"}],"curies":[{"name":"wp","href":"https:\/\/api.w.org\/{rel}","templated":true}]}}