{"id":223091,"date":"2023-03-17T16:31:34","date_gmt":"2023-03-17T19:31:34","guid":{"rendered":"https:\/\/www.livrariarema.com.br\/loja\/produtos\/sem categoria\/refugio-bem-presente-hannah-fordice\/"},"modified":"2026-02-24T13:50:04","modified_gmt":"2026-02-24T16:50:04","slug":"refugio-bem-presente-hannah-fordice","status":"publish","type":"product","link":"https:\/\/www.livrariarema.com.br\/loja\/produtos\/promocao\/livros-promocao\/refugio-bem-presente-hannah-fordice\/","title":{"rendered":"Ref\u00fagio Bem Presente &#8211; Hannah Fordice"},"content":{"rendered":"<p>A sua igreja est\u00e1 preparada para ser ref\u00fagio para as ovelhas do Senhor?<\/p>\n<p>Os l\u00edderes eclesi\u00e1sticos procuram estar bem-preparados em rela\u00e7\u00e3o \u00e0 teologia, \u00e0 boa prega\u00e7\u00e3o e \u00e0 administra\u00e7\u00e3o de sua igreja ou minist\u00e9rio. Mas ser\u00e1 que s\u00e3o capazes de reconhecer e afugentar os lobos que se escondem dentro de suas congrega\u00e7\u00f5es e oferecer um lugar seguro para suas v\u00edtimas?<\/p>\n<p>Ref\u00fagio bem presente \u00e9 um guia pr\u00e1tico e interdenominacional para ajudar pastores e lideran\u00e7as crist\u00e3s a identificarem e enfrentarem situa\u00e7\u00f5es de viol\u00eancia dom\u00e9stica de forma efetiva. A partir de sua experi\u00eancia no acolhimento de mulheres que sobreviveram ao abuso, Hannah Fordice oferece instru\u00e7\u00f5es claras e pr\u00e1ticas para ajudar a tornar a igreja um ref\u00fagio para v\u00edtimas de viol\u00eancia. O livro conta com recursos adapt\u00e1veis para as situa\u00e7\u00f5es cotidianas, independentemente do tamanho ou da composi\u00e7\u00e3o de cada congrega\u00e7\u00e3o.<\/p>\n<p>Prepare sua igreja para estar em unidade na miss\u00e3o de ser um local de justi\u00e7a e acolhimento aos oprimidos.<\/p>\n","protected":false},"excerpt":{"rendered":"<p>A sua igreja est\u00e1 preparada para ser ref\u00fagio para as ovelhas do Senhor? Os l\u00edderes eclesi\u00e1sticos procuram estar bem-preparados em&hellip;<\/p>\n","protected":false},"featured_media":345356,"comment_status":"open","ping_status":"closed","template":"","meta":[],"product_cat":[143,142],"product_tag":[],"_links":{"self":[{"href":"https:\/\/www.livrariarema.com.br\/loja\/wp-json\/wp\/v2\/product\/223091"}],"collection":[{"href":"https:\/\/www.livrariarema.com.br\/loja\/wp-json\/wp\/v2\/product"}],"about":[{"href":"https:\/\/www.livrariarema.com.br\/loja\/wp-json\/wp\/v2\/types\/product"}],"replies":[{"embeddable":true,"href":"https:\/\/www.livrariarema.com.br\/loja\/wp-json\/wp\/v2\/comments?post=223091"}],"wp:featuredmedia":[{"embeddable":true,"href":"https:\/\/www.livrariarema.com.br\/loja\/wp-json\/wp\/v2\/media\/345356"}],"wp:attachment":[{"href":"https:\/\/www.livrariarema.com.br\/loja\/wp-json\/wp\/v2\/media?parent=223091"}],"wp:term":[{"taxonomy":"product_cat","embeddable":true,"href":"https:\/\/www.livrariarema.com.br\/loja\/wp-json\/wp\/v2\/product_cat?post=223091"},{"taxonomy":"product_tag","embeddable":true,"href":"https:\/\/www.livrariarema.com.br\/loja\/wp-json\/wp\/v2\/product_tag?post=223091"}],"curies":[{"name":"wp","href":"https:\/\/api.w.org\/{rel}","templated":true}]}}