{"id":223093,"date":"2023-03-17T16:31:41","date_gmt":"2023-03-17T19:31:41","guid":{"rendered":"https:\/\/www.livrariarema.com.br\/loja\/produtos\/sem%20categoria\/calcados-confortaveis-sharon-garlough-brown\/"},"modified":"2026-04-07T11:21:12","modified_gmt":"2026-04-07T14:21:12","slug":"calcados-confortaveis-sharon-garlough-brown","status":"publish","type":"product","link":"https:\/\/www.livrariarema.com.br\/loja\/produtos\/livros\/romance\/calcados-confortaveis-sharon-garlough-brown\/","title":{"rendered":"Cal\u00e7ados Confort\u00e1veis 1 &#8211; Sharon Garlough Brown"},"content":{"rendered":"<p>Hannah \u00e9 uma pastora que n\u00e3o percebe o quanto seus afazeres ministeriais est\u00e3o lhe exaurindo; Meg \u00e9 uma vi\u00fava cuja \u00fanica filha acaba de sair de casa, deixando-a sozinha com os fantasmas do passado; Mara tenta manter um casamento dif\u00edcil, enquanto lida com os traumas de uma vida de rejei\u00e7\u00f5es; Charissa est\u00e1 terminando o doutorado e, perfeccionista e controladora, n\u00e3o admite passos errados.<\/p>\n<p>Em conflito com suas expectativas com Deus, essas quatro mulheres t\u00e3o diferentes entre si (e t\u00e3o parecidas com cada uma de n\u00f3s) ingressam relutantemente em um retiro, onde dar\u00e3o in\u00edcio a uma amizade improv\u00e1vel e a uma jornada conjunta de apoio m\u00fatuo e redescoberta espiritual.<\/p>\n","protected":false},"excerpt":{"rendered":"<p>Hannah \u00e9 uma pastora que n\u00e3o percebe o quanto seus afazeres ministeriais est\u00e3o lhe exaurindo; Meg \u00e9 uma vi\u00fava cuja&hellip;<\/p>\n","protected":false},"featured_media":343372,"comment_status":"open","ping_status":"closed","template":"","meta":[],"product_cat":[134,182],"product_tag":[],"_links":{"self":[{"href":"https:\/\/www.livrariarema.com.br\/loja\/wp-json\/wp\/v2\/product\/223093"}],"collection":[{"href":"https:\/\/www.livrariarema.com.br\/loja\/wp-json\/wp\/v2\/product"}],"about":[{"href":"https:\/\/www.livrariarema.com.br\/loja\/wp-json\/wp\/v2\/types\/product"}],"replies":[{"embeddable":true,"href":"https:\/\/www.livrariarema.com.br\/loja\/wp-json\/wp\/v2\/comments?post=223093"}],"wp:featuredmedia":[{"embeddable":true,"href":"https:\/\/www.livrariarema.com.br\/loja\/wp-json\/wp\/v2\/media\/343372"}],"wp:attachment":[{"href":"https:\/\/www.livrariarema.com.br\/loja\/wp-json\/wp\/v2\/media?parent=223093"}],"wp:term":[{"taxonomy":"product_cat","embeddable":true,"href":"https:\/\/www.livrariarema.com.br\/loja\/wp-json\/wp\/v2\/product_cat?post=223093"},{"taxonomy":"product_tag","embeddable":true,"href":"https:\/\/www.livrariarema.com.br\/loja\/wp-json\/wp\/v2\/product_tag?post=223093"}],"curies":[{"name":"wp","href":"https:\/\/api.w.org\/{rel}","templated":true}]}}