{"id":223097,"date":"2023-03-17T16:31:53","date_gmt":"2023-03-17T19:31:53","guid":{"rendered":"https:\/\/www.livrariarema.com.br\/loja\/produtos\/sem categoria\/mosaico-biblico-marcos-botelho\/"},"modified":"2026-02-24T13:50:11","modified_gmt":"2026-02-24T16:50:11","slug":"mosaico-biblico-marcos-botelho","status":"publish","type":"product","link":"https:\/\/www.livrariarema.com.br\/loja\/produtos\/promocao\/livros-promocao\/mosaico-biblico-marcos-botelho\/","title":{"rendered":"Mosaico B\u00edblico &#8211; Marcos Botelho"},"content":{"rendered":"<p>A primeira li\u00e7\u00e3o ensinada aos novos crentes \u00e9 que a B\u00edblia \u00e9 a Palavra de Deus, uma afirma\u00e7\u00e3o geralmente aceita sem muitas dificuldades.  O problema est\u00e1 mesmo em entender e interpretar o que nela est\u00e1 escrito.<\/p>\n<p>Em mais de 15 anos como professor de hermen\u00eautica, Marcos Botelho entende essa realidade e por isso tem como foco de seu minist\u00e9rio ampliar o horizonte interpretativo de seus alunos &#8211; e \u00e9 exatamente o que ele faz neste livro. Ao nos ajudar a compreender a mente dos autores b\u00edblicos, seu contexto hist\u00f3rico e o estilo liter\u00e1rios dos livros que comp\u00f5em a B\u00edblia, um novo mundo se descortina, e as Escrituras, de G\u00eanesis a Apocalipse, passam a ganhar pleno sentido.<\/p>\n<p>Mosaico b\u00edblicomudar\u00e1 sua forma de ler e entender a B\u00edblia, pois \u00e9 um livro que mostra como narrativas aparentemente independentes entre si formam uma grande, \u00fanica e bela imagem: Jesus Cristo e seu evangelho.<\/p>\n","protected":false},"excerpt":{"rendered":"<p>A primeira li\u00e7\u00e3o ensinada aos novos crentes \u00e9 que a B\u00edblia \u00e9 a Palavra de Deus, uma afirma\u00e7\u00e3o geralmente aceita&hellip;<\/p>\n","protected":false},"featured_media":345357,"comment_status":"open","ping_status":"closed","template":"","meta":[],"product_cat":[143,142],"product_tag":[],"_links":{"self":[{"href":"https:\/\/www.livrariarema.com.br\/loja\/wp-json\/wp\/v2\/product\/223097"}],"collection":[{"href":"https:\/\/www.livrariarema.com.br\/loja\/wp-json\/wp\/v2\/product"}],"about":[{"href":"https:\/\/www.livrariarema.com.br\/loja\/wp-json\/wp\/v2\/types\/product"}],"replies":[{"embeddable":true,"href":"https:\/\/www.livrariarema.com.br\/loja\/wp-json\/wp\/v2\/comments?post=223097"}],"wp:featuredmedia":[{"embeddable":true,"href":"https:\/\/www.livrariarema.com.br\/loja\/wp-json\/wp\/v2\/media\/345357"}],"wp:attachment":[{"href":"https:\/\/www.livrariarema.com.br\/loja\/wp-json\/wp\/v2\/media?parent=223097"}],"wp:term":[{"taxonomy":"product_cat","embeddable":true,"href":"https:\/\/www.livrariarema.com.br\/loja\/wp-json\/wp\/v2\/product_cat?post=223097"},{"taxonomy":"product_tag","embeddable":true,"href":"https:\/\/www.livrariarema.com.br\/loja\/wp-json\/wp\/v2\/product_tag?post=223097"}],"curies":[{"name":"wp","href":"https:\/\/api.w.org\/{rel}","templated":true}]}}