{"id":223099,"date":"2023-03-17T16:32:00","date_gmt":"2023-03-17T19:32:00","guid":{"rendered":"https:\/\/www.livrariarema.com.br\/loja\/produtos\/sem categoria\/reflexoes-sobre-salmos-c-s-lewis\/"},"modified":"2026-02-24T17:23:43","modified_gmt":"2026-02-24T20:23:43","slug":"reflexoes-sobre-salmos-c-s-lewis","status":"publish","type":"product","link":"https:\/\/www.livrariarema.com.br\/loja\/produtos\/livros\/vida-crista\/reflexoes-sobre-salmos-c-s-lewis\/","title":{"rendered":"Reflex\u00f5es Sobre Salmos &#8211; C.S. Lewis"},"content":{"rendered":"<p>Por sua variedade e poeticidade, Salmos \u00e9 um dos mais intrigantes livros da B\u00edblia. Aqueles que declaram compreend\u00ea-lo o exaltam como uma obra de beleza profunda. Muitos de n\u00f3s, no entanto, continuamos a esbarrar em sua aparente estranheza &#8211; e pensamos que alguns salmos, especialmente os mais vingativos, nem deveriam estar na B\u00edblia!<br \/>\nEm Reflex\u00f5es sobre Salmos, C. S. Lewis escreve como um colega que enfrentou as mesmas d\u00favidas que n\u00f3s. Ressaltando a natureza liter\u00e1ria das composi\u00e7\u00f5es, ele transmite a sabedoria que adquiriu abordando temas como a maldi\u00e7\u00e3o, a morte e os segundos significados nos salmos. Como afirma, seu intento \u00e9 compartilhar os insights que teve, ou as dificuldades que encontrou, na esperan\u00e7a de que isso possa de alguma forma interessar, e tamb\u00e9m ajudar, outros leitores.<\/p>\n","protected":false},"excerpt":{"rendered":"<p>Por sua variedade e poeticidade, Salmos \u00e9 um dos mais intrigantes livros da B\u00edblia. Aqueles que declaram compreend\u00ea-lo o exaltam&hellip;<\/p>\n","protected":false},"featured_media":345406,"comment_status":"open","ping_status":"closed","template":"","meta":[],"product_cat":[134,137],"product_tag":[],"_links":{"self":[{"href":"https:\/\/www.livrariarema.com.br\/loja\/wp-json\/wp\/v2\/product\/223099"}],"collection":[{"href":"https:\/\/www.livrariarema.com.br\/loja\/wp-json\/wp\/v2\/product"}],"about":[{"href":"https:\/\/www.livrariarema.com.br\/loja\/wp-json\/wp\/v2\/types\/product"}],"replies":[{"embeddable":true,"href":"https:\/\/www.livrariarema.com.br\/loja\/wp-json\/wp\/v2\/comments?post=223099"}],"wp:featuredmedia":[{"embeddable":true,"href":"https:\/\/www.livrariarema.com.br\/loja\/wp-json\/wp\/v2\/media\/345406"}],"wp:attachment":[{"href":"https:\/\/www.livrariarema.com.br\/loja\/wp-json\/wp\/v2\/media?parent=223099"}],"wp:term":[{"taxonomy":"product_cat","embeddable":true,"href":"https:\/\/www.livrariarema.com.br\/loja\/wp-json\/wp\/v2\/product_cat?post=223099"},{"taxonomy":"product_tag","embeddable":true,"href":"https:\/\/www.livrariarema.com.br\/loja\/wp-json\/wp\/v2\/product_tag?post=223099"}],"curies":[{"name":"wp","href":"https:\/\/api.w.org\/{rel}","templated":true}]}}