{"id":223146,"date":"2023-03-17T16:53:22","date_gmt":"2023-03-17T19:53:22","guid":{"rendered":"https:\/\/www.livrariarema.com.br\/loja\/produtos\/sem%20categoria\/biblia-leitura-perfeita-acf-letra-grande-preta\/"},"modified":"2026-02-26T14:20:43","modified_gmt":"2026-02-26T17:20:43","slug":"biblia-leitura-perfeita-acf-letra-grande-preta","status":"publish","type":"product","link":"https:\/\/www.livrariarema.com.br\/loja\/produtos\/biblias\/revista-corrigida-fiel\/biblia-leitura-perfeita-acf-letra-grande-preta\/","title":{"rendered":"B\u00edblia Leitura Perfeita &#8211; Acf &#8211; Letra Grande &#8211; Preta"},"content":{"rendered":"<p>Sobriedade e tradi\u00e7\u00e3o com acabamento de luxo.<br \/>\nEssa B\u00edblia ACF \u00e9 para aqueles que preferem uma linguagem mais tradicional ao ler a Palavra. Nesta tradu\u00e7\u00e3o mais formal, cada texto \u00e9 uma lembran\u00e7a: aquelas caixinhas de vers\u00edculos da casa dos nossos av\u00f4s, a b\u00edblia que nossos pais usavam durante nossa inf\u00e2ncia e tantas outras mem\u00f3rias boas!<br \/>\nA capa em courosoft (PU) e o acabamento de costura perimetral trazem beleza e sobriedade ao estilo dessa b\u00edblia, al\u00e9m do toque aveludado conferindo leveza ao manuseio. As folhas de guarda nas contracapas trazem uma padronagem sofisticada e que proporciona um lindo arremate.<br \/>\nA linguagem dessa b\u00edblia \u00e9 a Almeida Corrigida Fiel (ACF) conhecida por ser uma tradu\u00e7\u00e3o cl\u00e1ssica que preserva toda a tradi\u00e7\u00e3o de Jo\u00e3o Ferreira de Almeida. Com base nisso, foram usados os melhores avan\u00e7os em tipografia para desenvolver a Fonte Leitura Perfeita, que \u00e9 exclusivo da Thomas Nelson e reflete esse rico legado de ter um texto fiel aos originais, autoritativo e embasado nos manuscritos mais confi\u00e1veis. O resultado \u00e9 uma letra exclusiva, clara e leg\u00edvel em qualquer tamanho.<br \/>\nCaracter\u00edsticas:<br \/>\nTexto na tradu\u00e7\u00e3o ACF (Almeida Corrigida Fiel)<br \/>\nCapa em courosoft (PU)<br \/>\nFolhas de guarda sofisticadas<br \/>\nBase interna de l\u00e1tex para maior durabilidade e flexibilidade<br \/>\nCostura perimetral (costura de linha &#8220;ao redor da borda da capa&#8221;)<br \/>\nPintura Trilateral<br \/>\nFitilho colorido<br \/>\nFonte Leitura Perfeita<br \/>\nLetra tamanho grande<br \/>\nLombada costurada para total abertura<\/p>\n","protected":false},"excerpt":{"rendered":"<p>Sobriedade e tradi\u00e7\u00e3o com acabamento de luxo. Essa B\u00edblia ACF \u00e9 para aqueles que preferem uma linguagem mais tradicional ao&hellip;<\/p>\n","protected":false},"featured_media":345276,"comment_status":"open","ping_status":"closed","template":"","meta":[],"product_cat":[139,212],"product_tag":[],"_links":{"self":[{"href":"https:\/\/www.livrariarema.com.br\/loja\/wp-json\/wp\/v2\/product\/223146"}],"collection":[{"href":"https:\/\/www.livrariarema.com.br\/loja\/wp-json\/wp\/v2\/product"}],"about":[{"href":"https:\/\/www.livrariarema.com.br\/loja\/wp-json\/wp\/v2\/types\/product"}],"replies":[{"embeddable":true,"href":"https:\/\/www.livrariarema.com.br\/loja\/wp-json\/wp\/v2\/comments?post=223146"}],"wp:featuredmedia":[{"embeddable":true,"href":"https:\/\/www.livrariarema.com.br\/loja\/wp-json\/wp\/v2\/media\/345276"}],"wp:attachment":[{"href":"https:\/\/www.livrariarema.com.br\/loja\/wp-json\/wp\/v2\/media?parent=223146"}],"wp:term":[{"taxonomy":"product_cat","embeddable":true,"href":"https:\/\/www.livrariarema.com.br\/loja\/wp-json\/wp\/v2\/product_cat?post=223146"},{"taxonomy":"product_tag","embeddable":true,"href":"https:\/\/www.livrariarema.com.br\/loja\/wp-json\/wp\/v2\/product_tag?post=223146"}],"curies":[{"name":"wp","href":"https:\/\/api.w.org\/{rel}","templated":true}]}}