{"id":223150,"date":"2023-03-17T16:55:58","date_gmt":"2023-03-17T19:55:58","guid":{"rendered":"https:\/\/www.livrariarema.com.br\/loja\/produtos\/sem categoria\/teologia-publica-reformada-matthew-kaemingk\/"},"modified":"2026-02-24T13:50:16","modified_gmt":"2026-02-24T16:50:16","slug":"teologia-publica-reformada-matthew-kaemingk","status":"publish","type":"product","link":"https:\/\/www.livrariarema.com.br\/loja\/produtos\/promocao\/livros-promocao\/teologia-publica-reformada-matthew-kaemingk\/","title":{"rendered":"Teologia P\u00fablica Reformada &#8211; Matthew Kaemingk"},"content":{"rendered":"<p>Com tantas vozes e opini\u00f5es distintas, nunca foi t\u00e3o necess\u00e1rio desenvolver uma cosmovis\u00e3o b\u00edblica que englobe todas as \u00e1reas da vida. Assim, surgiu a teologia p\u00fablica: uma \u00e1rea de estudo que se dedica a pensar sobre os temas mais complexos da sociedade \u00e0 luz das Escrituras.<br \/>\nO livro Teologia p\u00fablica reformada re\u00fane 23 artigos acerca de uma grande variedade de quest\u00f5es globais e p\u00fablicas: das artes aos neg\u00f3cios, da imigra\u00e7\u00e3o \u00e0 poesia, de quest\u00f5es \u00e9tnicas \u00e0 pol\u00edtica. S\u00e3o textos escritos por grandes pensadores da tradi\u00e7\u00e3o reformada, como Nicholas Wolterstorff, Makoto Fujimura, Bruce Ashford, John Witvliet, Ruben Rosario Rodriguez e James K. A. Smith, os quais oferecem uma vis\u00e3o contempor\u00e2nea de como a f\u00e9 reformada dialoga com quest\u00f5es prementes da sociedade.<\/p>\n","protected":false},"excerpt":{"rendered":"<p>Com tantas vozes e opini\u00f5es distintas, nunca foi t\u00e3o necess\u00e1rio desenvolver uma cosmovis\u00e3o b\u00edblica que englobe todas as \u00e1reas da&hellip;<\/p>\n","protected":false},"featured_media":345358,"comment_status":"open","ping_status":"closed","template":"","meta":[],"product_cat":[143,142],"product_tag":[],"_links":{"self":[{"href":"https:\/\/www.livrariarema.com.br\/loja\/wp-json\/wp\/v2\/product\/223150"}],"collection":[{"href":"https:\/\/www.livrariarema.com.br\/loja\/wp-json\/wp\/v2\/product"}],"about":[{"href":"https:\/\/www.livrariarema.com.br\/loja\/wp-json\/wp\/v2\/types\/product"}],"replies":[{"embeddable":true,"href":"https:\/\/www.livrariarema.com.br\/loja\/wp-json\/wp\/v2\/comments?post=223150"}],"wp:featuredmedia":[{"embeddable":true,"href":"https:\/\/www.livrariarema.com.br\/loja\/wp-json\/wp\/v2\/media\/345358"}],"wp:attachment":[{"href":"https:\/\/www.livrariarema.com.br\/loja\/wp-json\/wp\/v2\/media?parent=223150"}],"wp:term":[{"taxonomy":"product_cat","embeddable":true,"href":"https:\/\/www.livrariarema.com.br\/loja\/wp-json\/wp\/v2\/product_cat?post=223150"},{"taxonomy":"product_tag","embeddable":true,"href":"https:\/\/www.livrariarema.com.br\/loja\/wp-json\/wp\/v2\/product_tag?post=223150"}],"curies":[{"name":"wp","href":"https:\/\/api.w.org\/{rel}","templated":true}]}}