{"id":223542,"date":"2023-03-21T08:23:04","date_gmt":"2023-03-21T11:23:04","guid":{"rendered":"https:\/\/www.livrariarema.com.br\/loja\/produtos\/sem categoria\/21-principios-para-viver-o-novo-talitha-pereira\/"},"modified":"2023-04-12T13:43:19","modified_gmt":"2023-04-12T16:43:19","slug":"21-principios-para-viver-o-novo-talitha-pereira","status":"publish","type":"product","link":"https:\/\/www.livrariarema.com.br\/loja\/produtos\/livros\/vida-crista\/21-principios-para-viver-o-novo-talitha-pereira\/","title":{"rendered":"21 Princ\u00edpios Para Viver O Novo &#8211; Talitha Pereira"},"content":{"rendered":"<p>J\u00e1 parou para pensar que o destino que voc\u00ea sonha em alcan\u00e7ar amanh\u00e3, pode n\u00e3o ser compat\u00edvel com as atitudes que voc\u00ea tem tomado hoje? Se voc\u00ea realmente deseja alcan\u00e7ar o seu prop\u00f3sito, eu preciso te alertar: n\u00e3o s\u00e3o apenas as grandes decis\u00f5es que interferem em sua chegada at\u00e9 l\u00e1, mas tamb\u00e9m aquelas escondidas em sua rotina, disfar\u00e7adas de despretensiosas. Esse livro \u00e9 uma mentoria compilada em 21 conselhos poderosos para que voc\u00ea adquira um novo pensamento, tenha novas atitudes e, consequentemente, novos h\u00e1bitos em 21 \u00e1reas da sua vida. Chegou o tempo de viver uma mudan\u00e7a de dentro para fora, de forma pr\u00e1tica, intencional e leve. O novo te espera!<\/p>\n","protected":false},"excerpt":{"rendered":"<p>J\u00e1 parou para pensar que o destino que voc\u00ea sonha em alcan\u00e7ar amanh\u00e3, pode n\u00e3o ser compat\u00edvel com as atitudes&hellip;<\/p>\n","protected":false},"featured_media":227498,"comment_status":"open","ping_status":"closed","template":"","meta":[],"product_cat":[134,137],"product_tag":[],"_links":{"self":[{"href":"https:\/\/www.livrariarema.com.br\/loja\/wp-json\/wp\/v2\/product\/223542"}],"collection":[{"href":"https:\/\/www.livrariarema.com.br\/loja\/wp-json\/wp\/v2\/product"}],"about":[{"href":"https:\/\/www.livrariarema.com.br\/loja\/wp-json\/wp\/v2\/types\/product"}],"replies":[{"embeddable":true,"href":"https:\/\/www.livrariarema.com.br\/loja\/wp-json\/wp\/v2\/comments?post=223542"}],"wp:featuredmedia":[{"embeddable":true,"href":"https:\/\/www.livrariarema.com.br\/loja\/wp-json\/wp\/v2\/media\/227498"}],"wp:attachment":[{"href":"https:\/\/www.livrariarema.com.br\/loja\/wp-json\/wp\/v2\/media?parent=223542"}],"wp:term":[{"taxonomy":"product_cat","embeddable":true,"href":"https:\/\/www.livrariarema.com.br\/loja\/wp-json\/wp\/v2\/product_cat?post=223542"},{"taxonomy":"product_tag","embeddable":true,"href":"https:\/\/www.livrariarema.com.br\/loja\/wp-json\/wp\/v2\/product_tag?post=223542"}],"curies":[{"name":"wp","href":"https:\/\/api.w.org\/{rel}","templated":true}]}}