{"id":223840,"date":"2023-03-23T16:31:52","date_gmt":"2023-03-23T19:31:52","guid":{"rendered":"https:\/\/www.livrariarema.com.br\/loja\/produtos\/sem categoria\/arc65h-biblia-slim-com-harpa-rosa\/"},"modified":"2026-04-14T14:21:20","modified_gmt":"2026-04-14T17:21:20","slug":"arc65h-biblia-slim-com-harpa-rosa","status":"publish","type":"product","link":"https:\/\/www.livrariarema.com.br\/loja\/produtos\/biblias\/revista-corrigida-com-harpa\/arc65h-biblia-slim-com-harpa-rosa\/","title":{"rendered":"Arc65h &#8211; B\u00edblia Slim Com Harpa &#8211; Rosa"},"content":{"rendered":"<p>B\u00edblia Sagrada Ultrafina com Harpa Crist\u00e3.<\/p>\n","protected":false},"excerpt":{"rendered":"<p>B\u00edblia Sagrada Ultrafina com Harpa Crist\u00e3.<\/p>\n","protected":false},"featured_media":335437,"comment_status":"open","ping_status":"closed","template":"","meta":[],"product_cat":[139,151],"product_tag":[],"_links":{"self":[{"href":"https:\/\/www.livrariarema.com.br\/loja\/wp-json\/wp\/v2\/product\/223840"}],"collection":[{"href":"https:\/\/www.livrariarema.com.br\/loja\/wp-json\/wp\/v2\/product"}],"about":[{"href":"https:\/\/www.livrariarema.com.br\/loja\/wp-json\/wp\/v2\/types\/product"}],"replies":[{"embeddable":true,"href":"https:\/\/www.livrariarema.com.br\/loja\/wp-json\/wp\/v2\/comments?post=223840"}],"wp:featuredmedia":[{"embeddable":true,"href":"https:\/\/www.livrariarema.com.br\/loja\/wp-json\/wp\/v2\/media\/335437"}],"wp:attachment":[{"href":"https:\/\/www.livrariarema.com.br\/loja\/wp-json\/wp\/v2\/media?parent=223840"}],"wp:term":[{"taxonomy":"product_cat","embeddable":true,"href":"https:\/\/www.livrariarema.com.br\/loja\/wp-json\/wp\/v2\/product_cat?post=223840"},{"taxonomy":"product_tag","embeddable":true,"href":"https:\/\/www.livrariarema.com.br\/loja\/wp-json\/wp\/v2\/product_tag?post=223840"}],"curies":[{"name":"wp","href":"https:\/\/api.w.org\/{rel}","templated":true}]}}