{"id":224363,"date":"2023-03-24T14:54:24","date_gmt":"2023-03-24T17:54:24","guid":{"rendered":"https:\/\/www.livrariarema.com.br\/loja\/produtos\/sem categoria\/ntlh065lg-biblia-letra-grande-pink\/"},"modified":"2026-04-02T12:10:50","modified_gmt":"2026-04-02T15:10:50","slug":"ntlh065lg-biblia-letra-grande-pink","status":"publish","type":"product","link":"https:\/\/www.livrariarema.com.br\/loja\/produtos\/biblias\/ntlh\/ntlh065lg-biblia-letra-grande-pink\/","title":{"rendered":"Ntlh065lg &#8211; B\u00edblia Letra Grande &#8211; Pink"},"content":{"rendered":"<p>Esta edi\u00e7\u00e3o da B\u00edblia Sagrada \u00e9 ideal para quem busca conforto na leitura da Palavra de Deus e, ao mesmo tempo, praticidade no uso e transporte di\u00e1rios.<\/p>\n","protected":false},"excerpt":{"rendered":"<p>Esta edi\u00e7\u00e3o da B\u00edblia Sagrada \u00e9 ideal para quem busca conforto na leitura da Palavra de Deus e, ao mesmo&hellip;<\/p>\n","protected":false},"featured_media":338417,"comment_status":"open","ping_status":"closed","template":"","meta":[],"product_cat":[139,188],"product_tag":[],"_links":{"self":[{"href":"https:\/\/www.livrariarema.com.br\/loja\/wp-json\/wp\/v2\/product\/224363"}],"collection":[{"href":"https:\/\/www.livrariarema.com.br\/loja\/wp-json\/wp\/v2\/product"}],"about":[{"href":"https:\/\/www.livrariarema.com.br\/loja\/wp-json\/wp\/v2\/types\/product"}],"replies":[{"embeddable":true,"href":"https:\/\/www.livrariarema.com.br\/loja\/wp-json\/wp\/v2\/comments?post=224363"}],"wp:featuredmedia":[{"embeddable":true,"href":"https:\/\/www.livrariarema.com.br\/loja\/wp-json\/wp\/v2\/media\/338417"}],"wp:attachment":[{"href":"https:\/\/www.livrariarema.com.br\/loja\/wp-json\/wp\/v2\/media?parent=224363"}],"wp:term":[{"taxonomy":"product_cat","embeddable":true,"href":"https:\/\/www.livrariarema.com.br\/loja\/wp-json\/wp\/v2\/product_cat?post=224363"},{"taxonomy":"product_tag","embeddable":true,"href":"https:\/\/www.livrariarema.com.br\/loja\/wp-json\/wp\/v2\/product_tag?post=224363"}],"curies":[{"name":"wp","href":"https:\/\/api.w.org\/{rel}","templated":true}]}}