{"id":224390,"date":"2023-03-24T14:56:38","date_gmt":"2023-03-24T17:56:38","guid":{"rendered":"https:\/\/www.livrariarema.com.br\/loja\/produtos\/sem categoria\/visao-crista-de-deus-e-do-mundo-a-james-orr\/"},"modified":"2026-02-20T13:43:03","modified_gmt":"2026-02-20T16:43:03","slug":"visao-crista-de-deus-e-do-mundo-a-james-orr","status":"publish","type":"product","link":"https:\/\/www.livrariarema.com.br\/loja\/produtos\/promocao\/livros-promocao\/visao-crista-de-deus-e-do-mundo-a-james-orr\/","title":{"rendered":"Vis\u00e3o Crist\u00e3 De Deus E Do Mundo, A &#8211; James Orr"},"content":{"rendered":"<p>Nesta magn\u00edfica obra, o te\u00f3logo escoc\u00eas James Orr apresenta uma extensa descri\u00e7\u00e3o e defesa da vis\u00e3o te\u00edsta centrada na encarna\u00e7\u00e3o de Jesus Cristo.<\/p>\n<p>Em A vis\u00e3o crist\u00e3 de Deus e do mundo h\u00e1 nove palestras, todas elas convergindo para a encarna\u00e7\u00e3o de Cristo. Orr as entregou pela primeira vez no s\u00e9culo 19, precisamente no ano de 1891.<\/p>\n<p>A vis\u00e3o crist\u00e3 do mundo em geral;<br \/>\nA vis\u00e3o crist\u00e3 e suas alternativas;<br \/>\nO postulado te\u00edsta da vis\u00e3o crist\u00e3;<br \/>\nO postulado da vis\u00e3o crist\u00e3 de mundo em rela\u00e7\u00e3o \u00e0 natureza e ao homem;<br \/>\nO postulado da vis\u00e3o crist\u00e3 em rela\u00e7\u00e3o ao pecado e \u00e0 desordem do mundo;<br \/>\nA principal assertiva da perspectiva crist\u00e3: a encarna\u00e7\u00e3o de Deus em Cristo;<br \/>\nO conceito superior de Deus subentendido na encarna\u00e7\u00e3o &#8211; a encarna\u00e7\u00e3o e o plano do mundo;<br \/>\nA encarna\u00e7\u00e3o e a reden\u00e7\u00e3o do pecado;<br \/>\nA encarna\u00e7\u00e3o e o destino humano.<\/p>\n","protected":false},"excerpt":{"rendered":"<p>Nesta magn\u00edfica obra, o te\u00f3logo escoc\u00eas James Orr apresenta uma extensa descri\u00e7\u00e3o e defesa da vis\u00e3o te\u00edsta centrada na encarna\u00e7\u00e3o&hellip;<\/p>\n","protected":false},"featured_media":345119,"comment_status":"open","ping_status":"closed","template":"","meta":[],"product_cat":[143,142],"product_tag":[],"_links":{"self":[{"href":"https:\/\/www.livrariarema.com.br\/loja\/wp-json\/wp\/v2\/product\/224390"}],"collection":[{"href":"https:\/\/www.livrariarema.com.br\/loja\/wp-json\/wp\/v2\/product"}],"about":[{"href":"https:\/\/www.livrariarema.com.br\/loja\/wp-json\/wp\/v2\/types\/product"}],"replies":[{"embeddable":true,"href":"https:\/\/www.livrariarema.com.br\/loja\/wp-json\/wp\/v2\/comments?post=224390"}],"wp:featuredmedia":[{"embeddable":true,"href":"https:\/\/www.livrariarema.com.br\/loja\/wp-json\/wp\/v2\/media\/345119"}],"wp:attachment":[{"href":"https:\/\/www.livrariarema.com.br\/loja\/wp-json\/wp\/v2\/media?parent=224390"}],"wp:term":[{"taxonomy":"product_cat","embeddable":true,"href":"https:\/\/www.livrariarema.com.br\/loja\/wp-json\/wp\/v2\/product_cat?post=224390"},{"taxonomy":"product_tag","embeddable":true,"href":"https:\/\/www.livrariarema.com.br\/loja\/wp-json\/wp\/v2\/product_tag?post=224390"}],"curies":[{"name":"wp","href":"https:\/\/api.w.org\/{rel}","templated":true}]}}