{"id":224422,"date":"2023-03-24T14:58:44","date_gmt":"2023-03-24T17:58:44","guid":{"rendered":"https:\/\/www.livrariarema.com.br\/loja\/produtos\/sem%20categoria\/serie-herois-cristaos-ontem-e-hoje-mary-slessor-janet-benge-e-geoff-benge\/"},"modified":"2026-04-13T08:50:39","modified_gmt":"2026-04-13T11:50:39","slug":"serie-herois-cristaos-ontem-e-hoje-mary-slessor-janet-benge-e-geoff-benge","status":"publish","type":"product","link":"https:\/\/www.livrariarema.com.br\/loja\/produtos\/livros\/biografia\/serie-herois-cristaos-ontem-e-hoje-mary-slessor-janet-benge-e-geoff-benge\/","title":{"rendered":"S\u00e9rie Her\u00f3is Crist\u00e3os Ontem E Hoje &#8211; Vol. 11 &#8211; Mary Slessor &#8211; Janet Benge E Geoff Benge"},"content":{"rendered":"<p>&#8220;Mary Slessor meditou sobre as palavras de David Livingstone: `N\u00e3o me importa para onde vamos, contanto que sigamos em frente`. Eu n\u00e3o estou indo a lugar nenhum, pensou Mary. Eu tenho vinte e sete anos e trabalho doze horas por dia em uma f\u00e1brica de algod\u00e3o. Deus, Mary orou, me envie a algum lugar, qualquer lugar, apenas me envie para ser mission\u00e1ria&#8221;.<\/p>\n<p>De fato, Deus responderia \u00e0 ora\u00e7\u00e3o dessa escocesa ruiva. Por trinta e nove anos, Mary Slessor trabalharia com devo\u00e7\u00e3o entre as tribos inalcan\u00e7adas e muitas vezes perigosas da regi\u00e3o de Calabar, na \u00c1frica. Enfrentando doen\u00e7as, perigos e morte por todos os lados, Mary se tornou a querida &#8220;M\u00e3e Branca&#8221; de tribos inteiras. Sua f\u00e9, firmeza e esp\u00edrito pioneiro trouxeram \u00e0s amadas pessoas que ela adotou seu primeiro exemplo brilhante e contrastante da vida e liberdade encontradas em Jesus Cristo.<\/p>\n<p>A hist\u00f3ria de Mary Slessor \u00e9 uma epopeia intemporal de uma mulher que n\u00e3o mediu esfor\u00e7os para alcan\u00e7ar os perdidos com o evangelho de Cristo que d\u00e1 vida.<\/p>\n","protected":false},"excerpt":{"rendered":"<p>&#8220;Mary Slessor meditou sobre as palavras de David Livingstone: `N\u00e3o me importa para onde vamos, contanto que sigamos em frente`.&hellip;<\/p>\n","protected":false},"featured_media":345841,"comment_status":"open","ping_status":"closed","template":"","meta":[],"product_cat":[181,134],"product_tag":[],"_links":{"self":[{"href":"https:\/\/www.livrariarema.com.br\/loja\/wp-json\/wp\/v2\/product\/224422"}],"collection":[{"href":"https:\/\/www.livrariarema.com.br\/loja\/wp-json\/wp\/v2\/product"}],"about":[{"href":"https:\/\/www.livrariarema.com.br\/loja\/wp-json\/wp\/v2\/types\/product"}],"replies":[{"embeddable":true,"href":"https:\/\/www.livrariarema.com.br\/loja\/wp-json\/wp\/v2\/comments?post=224422"}],"wp:featuredmedia":[{"embeddable":true,"href":"https:\/\/www.livrariarema.com.br\/loja\/wp-json\/wp\/v2\/media\/345841"}],"wp:attachment":[{"href":"https:\/\/www.livrariarema.com.br\/loja\/wp-json\/wp\/v2\/media?parent=224422"}],"wp:term":[{"taxonomy":"product_cat","embeddable":true,"href":"https:\/\/www.livrariarema.com.br\/loja\/wp-json\/wp\/v2\/product_cat?post=224422"},{"taxonomy":"product_tag","embeddable":true,"href":"https:\/\/www.livrariarema.com.br\/loja\/wp-json\/wp\/v2\/product_tag?post=224422"}],"curies":[{"name":"wp","href":"https:\/\/api.w.org\/{rel}","templated":true}]}}