{"id":224424,"date":"2023-03-24T14:58:50","date_gmt":"2023-03-24T17:58:50","guid":{"rendered":"https:\/\/www.livrariarema.com.br\/loja\/produtos\/sem%20categoria\/deus-que-cura-o-michael-l-brown\/"},"modified":"2026-02-20T13:45:50","modified_gmt":"2026-02-20T16:45:50","slug":"deus-que-cura-o-michael-l-brown","status":"publish","type":"product","link":"https:\/\/www.livrariarema.com.br\/loja\/produtos\/promocao\/livros-promocao\/deus-que-cura-o-michael-l-brown\/","title":{"rendered":"Deus Que Cura, O &#8211; Michael L. Brown"},"content":{"rendered":"<p>Este \u00e9 um livro sobre o Deus que cura de acordo com o testemunho dos profetas e poetas, dos salmistas e s\u00e1bios, dos historiadores e legisladores do Antigo Testamento. O livro n\u00e3o tenta estudar diacronicamente o conceito do Senhor como &#8220;aquele que cura&#8221; de Israel baseado em uma reconstru\u00e7\u00e3o cr\u00edtica das fontes b\u00edblicas nem tenta determinar de modo emp\u00edrico se os milagres e curas da B\u00edblia ocorreram de fato.<\/p>\n<p>Este estudo busca antes analisar sistematicamente o testemunho das Escrituras hebraicas, o texto sagrado da sinagoga e da igreja por dois mil\u00eanios. H\u00e1 evid\u00eancia b\u00edblica para fus\u00f5es populares ou &#8220;oficiais&#8221; de m\u00e1gica, medicina e religi\u00e3o? Em que extens\u00e3o os conceitos de doen\u00e7a e cura eram aplicados metaforicamente pelos profetas? Qual era, de acordo com a literatura de sabedoria, a fonte de cura? A &#8220;linguagem de cura&#8221; do Antigo Testamento reflete uma mentalidade decididamente hol\u00edstica? H\u00e1 um contraste entre teologia de cura divina do Antigo Testamento e do Novo Testamento? Essas s\u00e3o apenas uma amostra de algumas das quest\u00f5es que t\u00eam de ser tratadas.<\/p>\n","protected":false},"excerpt":{"rendered":"<p>Este \u00e9 um livro sobre o Deus que cura de acordo com o testemunho dos profetas e poetas, dos salmistas&hellip;<\/p>\n","protected":false},"featured_media":345132,"comment_status":"open","ping_status":"closed","template":"","meta":[],"product_cat":[143,142],"product_tag":[],"_links":{"self":[{"href":"https:\/\/www.livrariarema.com.br\/loja\/wp-json\/wp\/v2\/product\/224424"}],"collection":[{"href":"https:\/\/www.livrariarema.com.br\/loja\/wp-json\/wp\/v2\/product"}],"about":[{"href":"https:\/\/www.livrariarema.com.br\/loja\/wp-json\/wp\/v2\/types\/product"}],"replies":[{"embeddable":true,"href":"https:\/\/www.livrariarema.com.br\/loja\/wp-json\/wp\/v2\/comments?post=224424"}],"wp:featuredmedia":[{"embeddable":true,"href":"https:\/\/www.livrariarema.com.br\/loja\/wp-json\/wp\/v2\/media\/345132"}],"wp:attachment":[{"href":"https:\/\/www.livrariarema.com.br\/loja\/wp-json\/wp\/v2\/media?parent=224424"}],"wp:term":[{"taxonomy":"product_cat","embeddable":true,"href":"https:\/\/www.livrariarema.com.br\/loja\/wp-json\/wp\/v2\/product_cat?post=224424"},{"taxonomy":"product_tag","embeddable":true,"href":"https:\/\/www.livrariarema.com.br\/loja\/wp-json\/wp\/v2\/product_tag?post=224424"}],"curies":[{"name":"wp","href":"https:\/\/api.w.org\/{rel}","templated":true}]}}