{"id":225297,"date":"2023-03-30T17:47:36","date_gmt":"2023-03-30T20:47:36","guid":{"rendered":"https:\/\/www.livrariarema.com.br\/loja\/produtos\/sem%20categoria\/copo-plastico-termico-smart-vovo-te-amo\/"},"modified":"2023-12-04T10:36:28","modified_gmt":"2023-12-04T13:36:28","slug":"copo-plastico-termico-smart-vovo-te-amo","status":"publish","type":"product","link":"https:\/\/www.livrariarema.com.br\/loja\/produtos\/diversos\/copo-squeeze\/copo-plastico-termico-smart-vovo-te-amo\/","title":{"rendered":"Copo Pl\u00e1stico Smart &#8211; Vov\u00f3 Te Amo"},"content":{"rendered":"<p>Amo voc\u00ea e quero que permane\u00e7a comigo em todos os meus momentos. V\u00f3, gra\u00e7as a voc\u00ea, eu aprendi a import\u00e2ncia do cuidado, do carinho e do amor. Foi voc\u00ea quem me ensinou a ser paciente e, ao mesmo tempo, forte. Voc\u00ea sempre viu em mim coisas que ningu\u00e9m conseguia ver, por isso cuidou de mim e nunca me deixou s\u00f3.<br \/>\nQue tal presentear sua Av\u00f3 com o COPO SMART &#8211; VOV\u00d3 TE AMO? Ele \u00e9 super pr\u00e1tico, tem uma estampa super fofa al\u00e9m de que \u00e9 confeccionado em material resistente e seu revestimento faz com que a temperatura da bebida se mantenha por mais tempo. Sua tampa permite que o copo seja aberto de duas formas: rosque\u00e1vel ou do modo abre-fecha.<\/p>\n<p>Caracter\u00edsticas:<br \/>\nAltura: 14,3 cm<br \/>\nLargura: 6,00 cm<br \/>\nDi\u00e2metro: 7,4 cm<br \/>\nCapacidade: 200 ml<br \/>\nCont\u00e9m: 1 copo<\/p>\n<p>Cuidados:<br \/>\nN\u00e3o \u00e9 hermeticamente fechado, por isso transport\u00e1-lo na posi\u00e7\u00e3o vertical<br \/>\nLavar com \u00e1gua e detergente neutro<br \/>\nImpactos podem danificar o produto<br \/>\nManusear com cuidado<br \/>\nN\u00e3o \u00e9 a prova de pequenos vazamentos<\/p>\n","protected":false},"excerpt":{"rendered":"<p>Amo voc\u00ea e quero que permane\u00e7a comigo em todos os meus momentos. V\u00f3, gra\u00e7as a voc\u00ea, eu aprendi a import\u00e2ncia&hellip;<\/p>\n","protected":false},"featured_media":269157,"comment_status":"open","ping_status":"closed","template":"","meta":[],"product_cat":[234,132],"product_tag":[],"_links":{"self":[{"href":"https:\/\/www.livrariarema.com.br\/loja\/wp-json\/wp\/v2\/product\/225297"}],"collection":[{"href":"https:\/\/www.livrariarema.com.br\/loja\/wp-json\/wp\/v2\/product"}],"about":[{"href":"https:\/\/www.livrariarema.com.br\/loja\/wp-json\/wp\/v2\/types\/product"}],"replies":[{"embeddable":true,"href":"https:\/\/www.livrariarema.com.br\/loja\/wp-json\/wp\/v2\/comments?post=225297"}],"wp:featuredmedia":[{"embeddable":true,"href":"https:\/\/www.livrariarema.com.br\/loja\/wp-json\/wp\/v2\/media\/269157"}],"wp:attachment":[{"href":"https:\/\/www.livrariarema.com.br\/loja\/wp-json\/wp\/v2\/media?parent=225297"}],"wp:term":[{"taxonomy":"product_cat","embeddable":true,"href":"https:\/\/www.livrariarema.com.br\/loja\/wp-json\/wp\/v2\/product_cat?post=225297"},{"taxonomy":"product_tag","embeddable":true,"href":"https:\/\/www.livrariarema.com.br\/loja\/wp-json\/wp\/v2\/product_tag?post=225297"}],"curies":[{"name":"wp","href":"https:\/\/api.w.org\/{rel}","templated":true}]}}