{"id":225309,"date":"2023-03-30T17:48:13","date_gmt":"2023-03-30T20:48:13","guid":{"rendered":"https:\/\/www.livrariarema.com.br\/loja\/produtos\/sem%20categoria\/copo-plastico-termico-smart-smilinguido-para-deus\/"},"modified":"2025-09-06T12:43:00","modified_gmt":"2025-09-06T15:43:00","slug":"copo-plastico-termico-smart-smilinguido-para-deus","status":"publish","type":"product","link":"https:\/\/www.livrariarema.com.br\/loja\/produtos\/diversos\/copo-squeeze\/copo-plastico-termico-smart-smilinguido-para-deus\/","title":{"rendered":"Copo Pl\u00e1stico Smart &#8211; Smilinguido &#8211; Para Deus"},"content":{"rendered":"<p>Pr\u00e1tico e super fofo, nosso COPO SMART &#8211; SMILINGUIDO PARA DEUS, \u00e9 confeccionado em material resistente e seu revestimento faz com que a temperatura da bebida se mantenha por mais tempo. Sua tampa permite que o copo seja aberto de duas formas: rosque\u00e1vel ou do modo abre-fecha.<\/p>\n<p>Caracter\u00edsticas:<br \/>\nAltura: 14,3 cm<br \/>\nDi\u00e2metro: 7,4 cm<br \/>\nCapacidade: 200 ml<br \/>\nCont\u00e9m 1 copo<\/p>\n<p>Cuidados:<br \/>\nN\u00e3o \u00e9 hermeticamente fechado, por isso transport\u00e1-lo na posi\u00e7\u00e3o vertical<br \/>\nLavar com \u00e1gua e detergente neutro<br \/>\nImpactos podem danificar o produto<br \/>\nManusear com cuidado<br \/>\nN\u00e3o \u00e9 a prova de pequenos vazamentos<br \/>\nN\u00e3o coloque o produto no congelado<\/p>\n","protected":false},"excerpt":{"rendered":"<p>Pr\u00e1tico e super fofo, nosso COPO SMART &#8211; SMILINGUIDO PARA DEUS, \u00e9 confeccionado em material resistente e seu revestimento faz&hellip;<\/p>\n","protected":false},"featured_media":322762,"comment_status":"open","ping_status":"closed","template":"","meta":[],"product_cat":[234,132],"product_tag":[],"_links":{"self":[{"href":"https:\/\/www.livrariarema.com.br\/loja\/wp-json\/wp\/v2\/product\/225309"}],"collection":[{"href":"https:\/\/www.livrariarema.com.br\/loja\/wp-json\/wp\/v2\/product"}],"about":[{"href":"https:\/\/www.livrariarema.com.br\/loja\/wp-json\/wp\/v2\/types\/product"}],"replies":[{"embeddable":true,"href":"https:\/\/www.livrariarema.com.br\/loja\/wp-json\/wp\/v2\/comments?post=225309"}],"wp:featuredmedia":[{"embeddable":true,"href":"https:\/\/www.livrariarema.com.br\/loja\/wp-json\/wp\/v2\/media\/322762"}],"wp:attachment":[{"href":"https:\/\/www.livrariarema.com.br\/loja\/wp-json\/wp\/v2\/media?parent=225309"}],"wp:term":[{"taxonomy":"product_cat","embeddable":true,"href":"https:\/\/www.livrariarema.com.br\/loja\/wp-json\/wp\/v2\/product_cat?post=225309"},{"taxonomy":"product_tag","embeddable":true,"href":"https:\/\/www.livrariarema.com.br\/loja\/wp-json\/wp\/v2\/product_tag?post=225309"}],"curies":[{"name":"wp","href":"https:\/\/api.w.org\/{rel}","templated":true}]}}