{"id":225317,"date":"2023-03-30T17:48:34","date_gmt":"2023-03-30T20:48:34","guid":{"rendered":"https:\/\/www.livrariarema.com.br\/loja\/produtos\/sem categoria\/copo-plastico-com-canudo-temas-smilinguido-para-deus\/"},"modified":"2024-07-08T13:30:38","modified_gmt":"2024-07-08T16:30:38","slug":"copo-plastico-com-canudo-temas-smilinguido-para-deus","status":"publish","type":"product","link":"https:\/\/www.livrariarema.com.br\/loja\/produtos\/diversos\/copo-squeeze\/copo-plastico-com-canudo-temas-smilinguido-para-deus\/","title":{"rendered":"Copo Pl\u00e1stico Com Canudo Temas &#8211; Smilinguido &#8211; Para Deus"},"content":{"rendered":"<p>O COPO PL\u00c1STICO COM CANUDO \u00e9 ideal para tomar seu suco ou refrigerante com seguran\u00e7a e praticidade.<\/p>\n<p>Ecologicamente correto, podendo ser reutilizado, dispensando assim, o uso de descart\u00e1veis no meio ambiente e livre de bisfenol (BPA).<\/p>\n<p>Caracter\u00edsticas:<br \/>\nAltura: 15,8 cm<br \/>\nDi\u00e2metro: 9,5 cm<br \/>\nCapacidade: 500 ml<br \/>\nCont\u00e9m: 1 copo, 1 canudo e 1 tampa<\/p>\n<p>Cuidados:<br \/>\nLavar com \u00e1gua, esponja macia e sab\u00e3o neutro<br \/>\nN\u00e3o levar ao lava-lou\u00e7as nem ao micro-ondas<br \/>\nN\u00e3o utilizar produtos qu\u00edmicos e abrasivos<br \/>\nN\u00e3o coloque na geladeira ou congelador<br \/>\nChoques ou quedas podem danificar o produto<br \/>\nPara evitar vazamentos, carregue o produto apenas na posi\u00e7\u00e3o vertical.<br \/>\nN\u00e3o coloque em mochilas ou bolsas<\/p>\n","protected":false},"excerpt":{"rendered":"<p>O COPO PL\u00c1STICO COM CANUDO \u00e9 ideal para tomar seu suco ou refrigerante com seguran\u00e7a e praticidade. Ecologicamente correto, podendo&hellip;<\/p>\n","protected":false},"featured_media":302471,"comment_status":"open","ping_status":"closed","template":"","meta":[],"product_cat":[234,132],"product_tag":[],"_links":{"self":[{"href":"https:\/\/www.livrariarema.com.br\/loja\/wp-json\/wp\/v2\/product\/225317"}],"collection":[{"href":"https:\/\/www.livrariarema.com.br\/loja\/wp-json\/wp\/v2\/product"}],"about":[{"href":"https:\/\/www.livrariarema.com.br\/loja\/wp-json\/wp\/v2\/types\/product"}],"replies":[{"embeddable":true,"href":"https:\/\/www.livrariarema.com.br\/loja\/wp-json\/wp\/v2\/comments?post=225317"}],"wp:featuredmedia":[{"embeddable":true,"href":"https:\/\/www.livrariarema.com.br\/loja\/wp-json\/wp\/v2\/media\/302471"}],"wp:attachment":[{"href":"https:\/\/www.livrariarema.com.br\/loja\/wp-json\/wp\/v2\/media?parent=225317"}],"wp:term":[{"taxonomy":"product_cat","embeddable":true,"href":"https:\/\/www.livrariarema.com.br\/loja\/wp-json\/wp\/v2\/product_cat?post=225317"},{"taxonomy":"product_tag","embeddable":true,"href":"https:\/\/www.livrariarema.com.br\/loja\/wp-json\/wp\/v2\/product_tag?post=225317"}],"curies":[{"name":"wp","href":"https:\/\/api.w.org\/{rel}","templated":true}]}}