{"id":225413,"date":"2023-03-31T13:36:58","date_gmt":"2023-03-31T16:36:58","guid":{"rendered":"https:\/\/www.livrariarema.com.br\/loja\/produtos\/sem%20categoria\/garrafa-termica-grip-500ml-pira\/"},"modified":"2024-02-06T14:14:10","modified_gmt":"2024-02-06T17:14:10","slug":"garrafa-termica-grip-500ml-pira","status":"publish","type":"product","link":"https:\/\/www.livrariarema.com.br\/loja\/produtos\/diversos\/garrafa-termica\/garrafa-termica-grip-500ml-pira\/","title":{"rendered":"Garrafa T\u00e9rmica &#8211; Grip &#8211; 500Ml &#8211; Pira"},"content":{"rendered":"<p>A GARRAFA T\u00c9RMICA GRIP \u00e9 de a\u00e7o inoxid\u00e1vel, livre de BPA, com bocal mais largo e f\u00e1cil pegada, sua capacidade \u00e9 de 500 ml. A tampa de rosquear possui uma estrutura que a manter a temperatura da \u00e1gua, ela \u00e9 resistente a pequenas quedas e leves batidas. Pode ser usada para bebidas quentes ou geladas. As paredes duplas de a\u00e7o inoxid\u00e1vel funcionam como isolantes t\u00e9rmicos, mantendo a \u00e1gua quente ou fria por at\u00e9 6 horas.<\/p>\n","protected":false},"excerpt":{"rendered":"<p>A GARRAFA T\u00c9RMICA GRIP \u00e9 de a\u00e7o inoxid\u00e1vel, livre de BPA, com bocal mais largo e f\u00e1cil pegada, sua capacidade&hellip;<\/p>\n","protected":false},"featured_media":282400,"comment_status":"open","ping_status":"closed","template":"","meta":[],"product_cat":[132,242],"product_tag":[],"_links":{"self":[{"href":"https:\/\/www.livrariarema.com.br\/loja\/wp-json\/wp\/v2\/product\/225413"}],"collection":[{"href":"https:\/\/www.livrariarema.com.br\/loja\/wp-json\/wp\/v2\/product"}],"about":[{"href":"https:\/\/www.livrariarema.com.br\/loja\/wp-json\/wp\/v2\/types\/product"}],"replies":[{"embeddable":true,"href":"https:\/\/www.livrariarema.com.br\/loja\/wp-json\/wp\/v2\/comments?post=225413"}],"wp:featuredmedia":[{"embeddable":true,"href":"https:\/\/www.livrariarema.com.br\/loja\/wp-json\/wp\/v2\/media\/282400"}],"wp:attachment":[{"href":"https:\/\/www.livrariarema.com.br\/loja\/wp-json\/wp\/v2\/media?parent=225413"}],"wp:term":[{"taxonomy":"product_cat","embeddable":true,"href":"https:\/\/www.livrariarema.com.br\/loja\/wp-json\/wp\/v2\/product_cat?post=225413"},{"taxonomy":"product_tag","embeddable":true,"href":"https:\/\/www.livrariarema.com.br\/loja\/wp-json\/wp\/v2\/product_tag?post=225413"}],"curies":[{"name":"wp","href":"https:\/\/api.w.org\/{rel}","templated":true}]}}