{"id":226002,"date":"2023-04-03T14:30:17","date_gmt":"2023-04-03T17:30:17","guid":{"rendered":"https:\/\/www.livrariarema.com.br\/loja\/produtos\/sem categoria\/milagre-em-meio-a-dor-benny-yu\/"},"modified":"2025-03-10T13:43:55","modified_gmt":"2025-03-10T16:43:55","slug":"milagre-em-meio-a-dor-benny-yu","status":"publish","type":"product","link":"https:\/\/www.livrariarema.com.br\/loja\/produtos\/livros\/cura-libertacao\/milagre-em-meio-a-dor-benny-yu\/","title":{"rendered":"Milagre Em Meio \u00c0 Dor &#8211; Benny Yu"},"content":{"rendered":"<p>Confrontar a dor do nosso presente e passado pode ser uma tarefa \u00e1rdua, afinal somos r\u00e1pidos para evit\u00e1-la ou fingir que ela n\u00e3o existe. Mas , muitas vezes, h\u00e1 um romper miraculoso que nos espera justamente do outro lado desse processo, quando lidamos com nossas feridas e somos curados. Neste livro, compartilho dez hist\u00f3rias da linha de frente da luta contra o tr\u00e1fico de pessoas, al\u00e9m de passos pr\u00e1ticos que voc\u00ea pode dar para superar os desafios da sua pr\u00f3pria vida.<\/p>\n","protected":false},"excerpt":{"rendered":"<p>Confrontar a dor do nosso presente e passado pode ser uma tarefa \u00e1rdua, afinal somos r\u00e1pidos para evit\u00e1-la ou fingir&hellip;<\/p>\n","protected":false},"featured_media":288181,"comment_status":"open","ping_status":"closed","template":"","meta":[],"product_cat":[157,134],"product_tag":[],"_links":{"self":[{"href":"https:\/\/www.livrariarema.com.br\/loja\/wp-json\/wp\/v2\/product\/226002"}],"collection":[{"href":"https:\/\/www.livrariarema.com.br\/loja\/wp-json\/wp\/v2\/product"}],"about":[{"href":"https:\/\/www.livrariarema.com.br\/loja\/wp-json\/wp\/v2\/types\/product"}],"replies":[{"embeddable":true,"href":"https:\/\/www.livrariarema.com.br\/loja\/wp-json\/wp\/v2\/comments?post=226002"}],"wp:featuredmedia":[{"embeddable":true,"href":"https:\/\/www.livrariarema.com.br\/loja\/wp-json\/wp\/v2\/media\/288181"}],"wp:attachment":[{"href":"https:\/\/www.livrariarema.com.br\/loja\/wp-json\/wp\/v2\/media?parent=226002"}],"wp:term":[{"taxonomy":"product_cat","embeddable":true,"href":"https:\/\/www.livrariarema.com.br\/loja\/wp-json\/wp\/v2\/product_cat?post=226002"},{"taxonomy":"product_tag","embeddable":true,"href":"https:\/\/www.livrariarema.com.br\/loja\/wp-json\/wp\/v2\/product_tag?post=226002"}],"curies":[{"name":"wp","href":"https:\/\/api.w.org\/{rel}","templated":true}]}}