{"id":226415,"date":"2023-04-04T17:01:10","date_gmt":"2023-04-04T20:01:10","guid":{"rendered":"https:\/\/www.livrariarema.com.br\/loja\/produtos\/sem categoria\/30-maneiras-de-um-pai-abencoar-seus-filhos-john-trent\/"},"modified":"2025-10-13T14:42:31","modified_gmt":"2025-10-13T17:42:31","slug":"30-maneiras-de-um-pai-abencoar-seus-filhos-john-trent","status":"publish","type":"product","link":"https:\/\/www.livrariarema.com.br\/loja\/produtos\/livros\/familia\/30-maneiras-de-um-pai-abencoar-seus-filhos-john-trent\/","title":{"rendered":"30 Maneiras De Um Pai Aben\u00e7oar Seus Filhos &#8211; John Trent"},"content":{"rendered":"<p>D\u00ea aos seus filhos a afirma\u00e7\u00e3o e o relacionamento que eles precisam e desejam. Com base em elementos b\u00edblicos, voc\u00ea descobrir\u00e1 30 maneiras f\u00e1ceis, acess\u00edveis e pr\u00e1ticas para aben\u00e7o\u00e1-los.<\/p>\n","protected":false},"excerpt":{"rendered":"<p>D\u00ea aos seus filhos a afirma\u00e7\u00e3o e o relacionamento que eles precisam e desejam. Com base em elementos b\u00edblicos, voc\u00ea&hellip;<\/p>\n","protected":false},"featured_media":329636,"comment_status":"open","ping_status":"closed","template":"","meta":[],"product_cat":[178,134],"product_tag":[],"_links":{"self":[{"href":"https:\/\/www.livrariarema.com.br\/loja\/wp-json\/wp\/v2\/product\/226415"}],"collection":[{"href":"https:\/\/www.livrariarema.com.br\/loja\/wp-json\/wp\/v2\/product"}],"about":[{"href":"https:\/\/www.livrariarema.com.br\/loja\/wp-json\/wp\/v2\/types\/product"}],"replies":[{"embeddable":true,"href":"https:\/\/www.livrariarema.com.br\/loja\/wp-json\/wp\/v2\/comments?post=226415"}],"wp:featuredmedia":[{"embeddable":true,"href":"https:\/\/www.livrariarema.com.br\/loja\/wp-json\/wp\/v2\/media\/329636"}],"wp:attachment":[{"href":"https:\/\/www.livrariarema.com.br\/loja\/wp-json\/wp\/v2\/media?parent=226415"}],"wp:term":[{"taxonomy":"product_cat","embeddable":true,"href":"https:\/\/www.livrariarema.com.br\/loja\/wp-json\/wp\/v2\/product_cat?post=226415"},{"taxonomy":"product_tag","embeddable":true,"href":"https:\/\/www.livrariarema.com.br\/loja\/wp-json\/wp\/v2\/product_tag?post=226415"}],"curies":[{"name":"wp","href":"https:\/\/api.w.org\/{rel}","templated":true}]}}