{"id":226418,"date":"2023-04-04T17:01:18","date_gmt":"2023-04-04T20:01:18","guid":{"rendered":"https:\/\/www.livrariarema.com.br\/loja\/produtos\/sem categoria\/atlas-biblico-patmos-john-d-currid-e-david-p-barrett\/"},"modified":"2025-04-02T14:40:10","modified_gmt":"2025-04-02T17:40:10","slug":"atlas-biblico-patmos-john-d-currid-e-david-p-barrett","status":"publish","type":"product","link":"https:\/\/www.livrariarema.com.br\/loja\/produtos\/livros\/geografia\/atlas-biblico-patmos-john-d-currid-e-david-p-barrett\/","title":{"rendered":"Atlas Biblico Patmos &#8211; John D. Currid E David P. Barrett"},"content":{"rendered":"<p>Gra\u00e7as aos avan\u00e7os recentes em imagens de sat\u00e9lite e sistemas de informa\u00e7\u00e3o geogr\u00e1fica, o Atlas B\u00edblico CPAD oferece aos leitores da B\u00edblia um recurso abrangente e atualizado que combina sofistica\u00e7\u00e3o t\u00e9cnica com legibilidade, apelo visual e precis\u00e3o hist\u00f3rica e b\u00edblica. Todos os principais m\u00e9todos de apresenta\u00e7\u00e3o da geografia e hist\u00f3ria da B\u00edblia est\u00e3o aqui, incluindo:<br \/>\n&#8211; Mais de 175 mapas coloridos,<br \/>\n&#8211; 70 fotografias,<br \/>\n&#8211; Recria\u00e7\u00f5es 3D de objetos e locais b\u00edblicos,<br \/>\n&#8211; \u00cdndices,<br \/>\n&#8211; Linhas do tempo<br \/>\n&#8211; 65.000 palavras de descri\u00e7\u00e3o narrativa.<\/p>\n","protected":false},"excerpt":{"rendered":"<p>Gra\u00e7as aos avan\u00e7os recentes em imagens de sat\u00e9lite e sistemas de informa\u00e7\u00e3o geogr\u00e1fica, o Atlas B\u00edblico CPAD oferece aos leitores&hellip;<\/p>\n","protected":false},"featured_media":284994,"comment_status":"open","ping_status":"closed","template":"","meta":[],"product_cat":[220,134],"product_tag":[],"_links":{"self":[{"href":"https:\/\/www.livrariarema.com.br\/loja\/wp-json\/wp\/v2\/product\/226418"}],"collection":[{"href":"https:\/\/www.livrariarema.com.br\/loja\/wp-json\/wp\/v2\/product"}],"about":[{"href":"https:\/\/www.livrariarema.com.br\/loja\/wp-json\/wp\/v2\/types\/product"}],"replies":[{"embeddable":true,"href":"https:\/\/www.livrariarema.com.br\/loja\/wp-json\/wp\/v2\/comments?post=226418"}],"wp:featuredmedia":[{"embeddable":true,"href":"https:\/\/www.livrariarema.com.br\/loja\/wp-json\/wp\/v2\/media\/284994"}],"wp:attachment":[{"href":"https:\/\/www.livrariarema.com.br\/loja\/wp-json\/wp\/v2\/media?parent=226418"}],"wp:term":[{"taxonomy":"product_cat","embeddable":true,"href":"https:\/\/www.livrariarema.com.br\/loja\/wp-json\/wp\/v2\/product_cat?post=226418"},{"taxonomy":"product_tag","embeddable":true,"href":"https:\/\/www.livrariarema.com.br\/loja\/wp-json\/wp\/v2\/product_tag?post=226418"}],"curies":[{"name":"wp","href":"https:\/\/api.w.org\/{rel}","templated":true}]}}