{"id":226659,"date":"2023-04-06T14:38:48","date_gmt":"2023-04-06T17:38:48","guid":{"rendered":"https:\/\/www.livrariarema.com.br\/loja\/produtos\/sem categoria\/pequeninos-biblia-infantil\/"},"modified":"2024-10-30T17:09:21","modified_gmt":"2024-10-30T20:09:21","slug":"pequeninos-biblia-infantil","status":"publish","type":"product","link":"https:\/\/www.livrariarema.com.br\/loja\/produtos\/livros\/infantil\/pequeninos-biblia-infantil\/","title":{"rendered":"Pequeninos &#8211; B\u00edblia Infantil"},"content":{"rendered":"<p>Conhe\u00e7a as fant\u00e1sticas hist\u00f3rias b\u00edblicas em que crian\u00e7as tiveram um papel fundamental. S\u00e3o exemplos de vida, que transmitem li\u00e7\u00f5es valiosas para nossos pequenos.<\/p>\n","protected":false},"excerpt":{"rendered":"<p>Conhe\u00e7a as fant\u00e1sticas hist\u00f3rias b\u00edblicas em que crian\u00e7as tiveram um papel fundamental. S\u00e3o exemplos de vida, que transmitem li\u00e7\u00f5es valiosas&hellip;<\/p>\n","protected":false},"featured_media":294452,"comment_status":"open","ping_status":"closed","template":"","meta":[],"product_cat":[144,134],"product_tag":[],"_links":{"self":[{"href":"https:\/\/www.livrariarema.com.br\/loja\/wp-json\/wp\/v2\/product\/226659"}],"collection":[{"href":"https:\/\/www.livrariarema.com.br\/loja\/wp-json\/wp\/v2\/product"}],"about":[{"href":"https:\/\/www.livrariarema.com.br\/loja\/wp-json\/wp\/v2\/types\/product"}],"replies":[{"embeddable":true,"href":"https:\/\/www.livrariarema.com.br\/loja\/wp-json\/wp\/v2\/comments?post=226659"}],"wp:featuredmedia":[{"embeddable":true,"href":"https:\/\/www.livrariarema.com.br\/loja\/wp-json\/wp\/v2\/media\/294452"}],"wp:attachment":[{"href":"https:\/\/www.livrariarema.com.br\/loja\/wp-json\/wp\/v2\/media?parent=226659"}],"wp:term":[{"taxonomy":"product_cat","embeddable":true,"href":"https:\/\/www.livrariarema.com.br\/loja\/wp-json\/wp\/v2\/product_cat?post=226659"},{"taxonomy":"product_tag","embeddable":true,"href":"https:\/\/www.livrariarema.com.br\/loja\/wp-json\/wp\/v2\/product_tag?post=226659"}],"curies":[{"name":"wp","href":"https:\/\/api.w.org\/{rel}","templated":true}]}}