{"id":226664,"date":"2023-04-06T14:38:57","date_gmt":"2023-04-06T17:38:57","guid":{"rendered":"https:\/\/www.livrariarema.com.br\/loja\/produtos\/sem categoria\/pequeninos-minha-pequena-biblia\/"},"modified":"2024-10-26T22:26:41","modified_gmt":"2024-10-27T01:26:41","slug":"pequeninos-minha-pequena-biblia","status":"publish","type":"product","link":"https:\/\/www.livrariarema.com.br\/loja\/produtos\/livros\/infantil\/pequeninos-minha-pequena-biblia\/","title":{"rendered":"Pequeninos &#8211; Minha Pequena B\u00edblia"},"content":{"rendered":"<p>Com textos simples e ilustra\u00e7\u00f5es primorosas, este livro ser\u00e1 um \u00f3timo aux\u00edlio para os pequenos em seu in\u00edcio da jornada crist\u00e3.<\/p>\n","protected":false},"excerpt":{"rendered":"<p>Com textos simples e ilustra\u00e7\u00f5es primorosas, este livro ser\u00e1 um \u00f3timo aux\u00edlio para os pequenos em seu in\u00edcio da jornada&hellip;<\/p>\n","protected":false},"featured_media":277589,"comment_status":"open","ping_status":"closed","template":"","meta":[],"product_cat":[144,134],"product_tag":[],"_links":{"self":[{"href":"https:\/\/www.livrariarema.com.br\/loja\/wp-json\/wp\/v2\/product\/226664"}],"collection":[{"href":"https:\/\/www.livrariarema.com.br\/loja\/wp-json\/wp\/v2\/product"}],"about":[{"href":"https:\/\/www.livrariarema.com.br\/loja\/wp-json\/wp\/v2\/types\/product"}],"replies":[{"embeddable":true,"href":"https:\/\/www.livrariarema.com.br\/loja\/wp-json\/wp\/v2\/comments?post=226664"}],"wp:featuredmedia":[{"embeddable":true,"href":"https:\/\/www.livrariarema.com.br\/loja\/wp-json\/wp\/v2\/media\/277589"}],"wp:attachment":[{"href":"https:\/\/www.livrariarema.com.br\/loja\/wp-json\/wp\/v2\/media?parent=226664"}],"wp:term":[{"taxonomy":"product_cat","embeddable":true,"href":"https:\/\/www.livrariarema.com.br\/loja\/wp-json\/wp\/v2\/product_cat?post=226664"},{"taxonomy":"product_tag","embeddable":true,"href":"https:\/\/www.livrariarema.com.br\/loja\/wp-json\/wp\/v2\/product_tag?post=226664"}],"curies":[{"name":"wp","href":"https:\/\/api.w.org\/{rel}","templated":true}]}}