{"id":227148,"date":"2023-04-10T14:09:55","date_gmt":"2023-04-10T17:09:55","guid":{"rendered":"https:\/\/www.livrariarema.com.br\/loja\/produtos\/sem categoria\/depois-do-sim-patrick-e-nedra-dugan\/"},"modified":"2025-05-09T12:38:30","modified_gmt":"2025-05-09T15:38:30","slug":"depois-do-sim-patrick-e-nedra-dugan","status":"publish","type":"product","link":"https:\/\/www.livrariarema.com.br\/loja\/produtos\/livros\/casamento\/depois-do-sim-patrick-e-nedra-dugan\/","title":{"rendered":"Depois Do Sim! &#8211; Patrick E Nedra Dugan"},"content":{"rendered":"<p>Depois do Sim! divide-se em 52 t\u00f3picos &#8211; 26 do ponto de vista da Nedra e 26, do Patrick &#8211; que apontam para princ\u00edpios eternos que governam bons relacionamentos, na experi\u00eancia e na pr\u00e1tica. Os leitores podem usar o livro como um devocional semanal, caso queiram. Deixem que este livro enrique\u00e7a seu casamento tamb\u00e9m.<\/p>\n","protected":false},"excerpt":{"rendered":"<p>Depois do Sim! divide-se em 52 t\u00f3picos &#8211; 26 do ponto de vista da Nedra e 26, do Patrick &#8211;&hellip;<\/p>\n","protected":false},"featured_media":330819,"comment_status":"open","ping_status":"closed","template":"","meta":[],"product_cat":[155,134],"product_tag":[],"_links":{"self":[{"href":"https:\/\/www.livrariarema.com.br\/loja\/wp-json\/wp\/v2\/product\/227148"}],"collection":[{"href":"https:\/\/www.livrariarema.com.br\/loja\/wp-json\/wp\/v2\/product"}],"about":[{"href":"https:\/\/www.livrariarema.com.br\/loja\/wp-json\/wp\/v2\/types\/product"}],"replies":[{"embeddable":true,"href":"https:\/\/www.livrariarema.com.br\/loja\/wp-json\/wp\/v2\/comments?post=227148"}],"wp:featuredmedia":[{"embeddable":true,"href":"https:\/\/www.livrariarema.com.br\/loja\/wp-json\/wp\/v2\/media\/330819"}],"wp:attachment":[{"href":"https:\/\/www.livrariarema.com.br\/loja\/wp-json\/wp\/v2\/media?parent=227148"}],"wp:term":[{"taxonomy":"product_cat","embeddable":true,"href":"https:\/\/www.livrariarema.com.br\/loja\/wp-json\/wp\/v2\/product_cat?post=227148"},{"taxonomy":"product_tag","embeddable":true,"href":"https:\/\/www.livrariarema.com.br\/loja\/wp-json\/wp\/v2\/product_tag?post=227148"}],"curies":[{"name":"wp","href":"https:\/\/api.w.org\/{rel}","templated":true}]}}