{"id":229863,"date":"2023-04-28T16:05:08","date_gmt":"2023-04-28T19:05:08","guid":{"rendered":"https:\/\/www.livrariarema.com.br\/loja\/produtos\/sem categoria\/honra-do-rosa-a-viviam-ribeiro-nova-edicao-revisada-e-ampliada\/"},"modified":"2025-10-18T09:50:34","modified_gmt":"2025-10-18T12:50:34","slug":"honra-do-rosa-a-viviam-ribeiro-nova-edicao-revisada-e-ampliada","status":"publish","type":"product","link":"https:\/\/www.livrariarema.com.br\/loja\/produtos\/livros\/mulher\/honra-do-rosa-a-viviam-ribeiro-nova-edicao-revisada-e-ampliada\/","title":{"rendered":"Honra Do Rosa, A &#8211; Viviam Ribeiro (Nova Edicao Revisada E Ampliada)"},"content":{"rendered":"<p>A ess\u00eancia feminina foi depositada pelo Criador em cada mulher, por\u00e9m as marcas da vida podem obscurecer sua beleza original. Viviam Ribeiro ministra com profundidade e singeleza ao cora\u00e7\u00e3o da mulher, jovem e adulta, desconstruindo a avers\u00e3o \u00e0 feminilidade. Al\u00e9m disso, ela compartilha, a partir de sua hist\u00f3ria e de muitas outras, como um relacionamento livre e \u00edntimo com Jesus \u00e9 a chave para o resgate de sua verdadeira identidade e ess\u00eancia feminina.<\/p>\n","protected":false},"excerpt":{"rendered":"<p>A ess\u00eancia feminina foi depositada pelo Criador em cada mulher, por\u00e9m as marcas da vida podem obscurecer sua beleza original.&hellip;<\/p>\n","protected":false},"featured_media":331972,"comment_status":"open","ping_status":"closed","template":"","meta":[],"product_cat":[134,170],"product_tag":[],"_links":{"self":[{"href":"https:\/\/www.livrariarema.com.br\/loja\/wp-json\/wp\/v2\/product\/229863"}],"collection":[{"href":"https:\/\/www.livrariarema.com.br\/loja\/wp-json\/wp\/v2\/product"}],"about":[{"href":"https:\/\/www.livrariarema.com.br\/loja\/wp-json\/wp\/v2\/types\/product"}],"replies":[{"embeddable":true,"href":"https:\/\/www.livrariarema.com.br\/loja\/wp-json\/wp\/v2\/comments?post=229863"}],"wp:featuredmedia":[{"embeddable":true,"href":"https:\/\/www.livrariarema.com.br\/loja\/wp-json\/wp\/v2\/media\/331972"}],"wp:attachment":[{"href":"https:\/\/www.livrariarema.com.br\/loja\/wp-json\/wp\/v2\/media?parent=229863"}],"wp:term":[{"taxonomy":"product_cat","embeddable":true,"href":"https:\/\/www.livrariarema.com.br\/loja\/wp-json\/wp\/v2\/product_cat?post=229863"},{"taxonomy":"product_tag","embeddable":true,"href":"https:\/\/www.livrariarema.com.br\/loja\/wp-json\/wp\/v2\/product_tag?post=229863"}],"curies":[{"name":"wp","href":"https:\/\/api.w.org\/{rel}","templated":true}]}}