{"id":229874,"date":"2023-04-28T16:05:43","date_gmt":"2023-04-28T19:05:43","guid":{"rendered":"https:\/\/www.livrariarema.com.br\/loja\/produtos\/sem%20categoria\/lidere-com-isso-em-mente-craig-groeschel\/"},"modified":"2026-02-04T13:41:16","modified_gmt":"2026-02-04T16:41:16","slug":"lidere-com-isso-em-mente-craig-groeschel","status":"publish","type":"product","link":"https:\/\/www.livrariarema.com.br\/loja\/produtos\/livros\/lideranca\/lidere-com-isso-em-mente-craig-groeschel\/","title":{"rendered":"Lidere Com Isso Em Mente &#8211; Craig Groeschel"},"content":{"rendered":"<p>Lidere com &#8220;isso&#8221; em Mente apresenta percep\u00e7\u00f5es transformadoras de Craig Groeschel sobre como construir, de modo eficaz, um minist\u00e9rio e uma organiza\u00e7\u00e3o pr\u00f3speros e duradouros. Valendo-se de sua experi\u00eancia como l\u00edder de sucesso, ele combina conversa franca e sinceridade ir\u00f4nica com princ\u00edpios b\u00edblicos e de lideran\u00e7a para equip\u00e1-lo com ferramentas essenciais para:<\/p>\n<p>&#8211; Reconhecer quando sua organiza\u00e7\u00e3o ou minist\u00e9rio tem o indefin\u00edvel, mas tang\u00edvel isso que conduz ao sucesso;<br \/>\n&#8211; Identificar e implementar os 7 princ\u00edpios de lideran\u00e7a para uma igreja prevalecer;<br \/>\n&#8211; Sua equipe deixar para tr\u00e1s &#8220;o que sempre fizemos&#8221; e seguir para o minist\u00e9rio relevante que voc\u00ea sabe que \u00e9 poss\u00edvel;<br \/>\n&#8211; Descobrir as 3 \u00e1reas que todo l\u00edder deve dominar para alcan\u00e7ar o sucesso.<\/p>\n","protected":false},"excerpt":{"rendered":"<p>Lidere com &#8220;isso&#8221; em Mente apresenta percep\u00e7\u00f5es transformadoras de Craig Groeschel sobre como construir, de modo eficaz, um minist\u00e9rio e&hellip;<\/p>\n","protected":false},"featured_media":332001,"comment_status":"open","ping_status":"closed","template":"","meta":[],"product_cat":[153,134],"product_tag":[],"_links":{"self":[{"href":"https:\/\/www.livrariarema.com.br\/loja\/wp-json\/wp\/v2\/product\/229874"}],"collection":[{"href":"https:\/\/www.livrariarema.com.br\/loja\/wp-json\/wp\/v2\/product"}],"about":[{"href":"https:\/\/www.livrariarema.com.br\/loja\/wp-json\/wp\/v2\/types\/product"}],"replies":[{"embeddable":true,"href":"https:\/\/www.livrariarema.com.br\/loja\/wp-json\/wp\/v2\/comments?post=229874"}],"wp:featuredmedia":[{"embeddable":true,"href":"https:\/\/www.livrariarema.com.br\/loja\/wp-json\/wp\/v2\/media\/332001"}],"wp:attachment":[{"href":"https:\/\/www.livrariarema.com.br\/loja\/wp-json\/wp\/v2\/media?parent=229874"}],"wp:term":[{"taxonomy":"product_cat","embeddable":true,"href":"https:\/\/www.livrariarema.com.br\/loja\/wp-json\/wp\/v2\/product_cat?post=229874"},{"taxonomy":"product_tag","embeddable":true,"href":"https:\/\/www.livrariarema.com.br\/loja\/wp-json\/wp\/v2\/product_tag?post=229874"}],"curies":[{"name":"wp","href":"https:\/\/api.w.org\/{rel}","templated":true}]}}