{"id":229878,"date":"2023-04-28T16:05:59","date_gmt":"2023-04-28T19:05:59","guid":{"rendered":"https:\/\/www.livrariarema.com.br\/loja\/produtos\/sem categoria\/mais-forte-que-sua-luta-havilah-cunnington\/"},"modified":"2024-06-19T13:01:16","modified_gmt":"2024-06-19T16:01:16","slug":"mais-forte-que-sua-luta-havilah-cunnington","status":"publish","type":"product","link":"https:\/\/www.livrariarema.com.br\/loja\/produtos\/livros\/batalha-espiritual\/mais-forte-que-sua-luta-havilah-cunnington\/","title":{"rendered":"Mais Forte Que Sua Luta &#8211; Havilah Cunnington"},"content":{"rendered":"<p>A B\u00edblia n\u00e3o fala que a batalha j\u00e1 foi ganha? Ent\u00e3o por que ainda guerreamos? Com uma abordagem sincera e com o p\u00e9 no ch\u00e3o, a mestra em ensino b\u00edblico, Havilah Cunnington, tira as d\u00favidas e nos mostra como: &#8211; Discernir se estamos lutando contra algo dentro de n\u00f3s mesmo, se \u00e9 uma resist\u00eancia de Deus ouse \u00e9 uma leg\u00edtima batalha contra Satan\u00e1s. &#8211; Abandonar conceitos errados sobre guerra espiritual e como entender o que Jesus realmente disse sobre nossa autoridade espiritual e a seguran\u00e7a que temos Nele. &#8211; Fazer as perguntas certas e como desenvolver um plano de batalha realista para vencer um dia por vez. Com humor e autenticidade, Cunnington nos traz ferramentas pr\u00e1ticas para vencermos as adversidades, empoderando-nos para caminhar confiantes, pois, por causa de Jesus, somos realmente mais fortes que nossas lutas.<\/p>\n","protected":false},"excerpt":{"rendered":"<p>A B\u00edblia n\u00e3o fala que a batalha j\u00e1 foi ganha? Ent\u00e3o por que ainda guerreamos? Com uma abordagem sincera e&hellip;<\/p>\n","protected":false},"featured_media":302836,"comment_status":"open","ping_status":"closed","template":"","meta":[],"product_cat":[135,134],"product_tag":[],"_links":{"self":[{"href":"https:\/\/www.livrariarema.com.br\/loja\/wp-json\/wp\/v2\/product\/229878"}],"collection":[{"href":"https:\/\/www.livrariarema.com.br\/loja\/wp-json\/wp\/v2\/product"}],"about":[{"href":"https:\/\/www.livrariarema.com.br\/loja\/wp-json\/wp\/v2\/types\/product"}],"replies":[{"embeddable":true,"href":"https:\/\/www.livrariarema.com.br\/loja\/wp-json\/wp\/v2\/comments?post=229878"}],"wp:featuredmedia":[{"embeddable":true,"href":"https:\/\/www.livrariarema.com.br\/loja\/wp-json\/wp\/v2\/media\/302836"}],"wp:attachment":[{"href":"https:\/\/www.livrariarema.com.br\/loja\/wp-json\/wp\/v2\/media?parent=229878"}],"wp:term":[{"taxonomy":"product_cat","embeddable":true,"href":"https:\/\/www.livrariarema.com.br\/loja\/wp-json\/wp\/v2\/product_cat?post=229878"},{"taxonomy":"product_tag","embeddable":true,"href":"https:\/\/www.livrariarema.com.br\/loja\/wp-json\/wp\/v2\/product_tag?post=229878"}],"curies":[{"name":"wp","href":"https:\/\/api.w.org\/{rel}","templated":true}]}}