{"id":230387,"date":"2023-05-03T12:08:12","date_gmt":"2023-05-03T15:08:12","guid":{"rendered":"https:\/\/www.livrariarema.com.br\/loja\/produtos\/sem%20categoria\/paternidade-bem-resolvida-fabiano-ribeiro-2\/"},"modified":"2025-08-01T17:40:42","modified_gmt":"2025-08-01T20:40:42","slug":"paternidade-bem-resolvida-fabiano-ribeiro-2","status":"publish","type":"product","link":"https:\/\/www.livrariarema.com.br\/loja\/produtos\/livros\/cura-libertacao\/paternidade-bem-resolvida-fabiano-ribeiro-2\/","title":{"rendered":"Paternidade Bem Resolvida &#8211; Fabiano Ribeiro"},"content":{"rendered":"<p>\u00c9 imposs\u00edvel encontrar a paz completa sem resolver a rela\u00e7\u00e3o com os pr\u00f3prios pais e com o Deus Pai. Fabiano Ribeiro desvenda como o entendimento do sentido mais profundo da paternidade espiritual \u00e9 o caminho para se viver bem resolvido nessa \u00e1rea e, em consequ\u00eancia, em todos os relacionamentos.<BR><br \/>\n<BR><br \/>\nBaseando-se em princ\u00edpios crist\u00e3os e compartilhando sua pr\u00f3pria hist\u00f3ria de vida, o autor nos presenteia com princ\u00edpios para pais, m\u00e3es e flhos que transformar\u00e3o a forma de ver e viver a paternidade.<BR><br \/>\nFabiano Ribeiro<BR><br \/>\n<BR><br \/>\n\u00c9 pastor executivo da Igreja da Cidade em S\u00e3o Jos\u00e9 dos Campos (SP) e atua na equipe do pastor s\u00eanior da igreja, Carlito Paes, desde 2003. Graduado em teologia e p\u00f3s-graduado em Gest\u00e3o de Pessoas, \u00e9 autor de &#8220;Derrote Mamom&#8221; e &#8220;Votos&#8221;, publicados pela Editora Inspire. Casado com a pastora Viviam Ribeiro, \u00e9 pai de Rachel e Giovana.<BR><\/p>\n","protected":false},"excerpt":{"rendered":"<p>\u00c9 imposs\u00edvel encontrar a paz completa sem resolver a rela\u00e7\u00e3o com os pr\u00f3prios pais e com o Deus Pai. Fabiano&hellip;<\/p>\n","protected":false},"featured_media":331974,"comment_status":"open","ping_status":"closed","template":"","meta":[],"product_cat":[157,134],"product_tag":[],"_links":{"self":[{"href":"https:\/\/www.livrariarema.com.br\/loja\/wp-json\/wp\/v2\/product\/230387"}],"collection":[{"href":"https:\/\/www.livrariarema.com.br\/loja\/wp-json\/wp\/v2\/product"}],"about":[{"href":"https:\/\/www.livrariarema.com.br\/loja\/wp-json\/wp\/v2\/types\/product"}],"replies":[{"embeddable":true,"href":"https:\/\/www.livrariarema.com.br\/loja\/wp-json\/wp\/v2\/comments?post=230387"}],"wp:featuredmedia":[{"embeddable":true,"href":"https:\/\/www.livrariarema.com.br\/loja\/wp-json\/wp\/v2\/media\/331974"}],"wp:attachment":[{"href":"https:\/\/www.livrariarema.com.br\/loja\/wp-json\/wp\/v2\/media?parent=230387"}],"wp:term":[{"taxonomy":"product_cat","embeddable":true,"href":"https:\/\/www.livrariarema.com.br\/loja\/wp-json\/wp\/v2\/product_cat?post=230387"},{"taxonomy":"product_tag","embeddable":true,"href":"https:\/\/www.livrariarema.com.br\/loja\/wp-json\/wp\/v2\/product_tag?post=230387"}],"curies":[{"name":"wp","href":"https:\/\/api.w.org\/{rel}","templated":true}]}}