{"id":230971,"date":"2023-05-05T15:56:08","date_gmt":"2023-05-05T18:56:08","guid":{"rendered":"https:\/\/www.livrariarema.com.br\/loja\/produtos\/sem categoria\/jesus-justica-e-papeis-de-genero-kathy-keller\/"},"modified":"2026-02-24T12:26:02","modified_gmt":"2026-02-24T15:26:02","slug":"jesus-justica-e-papeis-de-genero-kathy-keller","status":"publish","type":"product","link":"https:\/\/www.livrariarema.com.br\/loja\/produtos\/promocao\/livros-promocao\/jesus-justica-e-papeis-de-genero-kathy-keller\/","title":{"rendered":"Jesus Justi\u00e7a E Pap\u00e9is De G\u00eanero &#8211; Kathy Keller"},"content":{"rendered":"<p>A vida de Kathy Keller como esposa de pastor n\u00e3o tem sido f\u00e1cil. E menos ainda como membro da lideran\u00e7a da Redeemer Presbiteryan Church, em Nova York. Ningu\u00e9m questiona sua compet\u00eancia ou seu conhecimento teol\u00f3gico; as agruras que enfrenta est\u00e3o relacionadas a um setor da comunidade crist\u00e3 em geral que n\u00e3o consegue admitir que mulheres assumam posi\u00e7\u00e3o preponderante na lideran\u00e7a, papel que, como esse grupo defende, compete apenas aos homens.<\/p>\n<p>Seria esse um racioc\u00ednio justo ou anacr\u00f4nico? H\u00e1 fundamento b\u00edblico para essa argumenta\u00e7\u00e3o ou as Escrituras d\u00e3o margem a questionamento? Mesmo que algumas pessoas queiram evitar o tema, n\u00e3o adianta fugir &#8213; a quest\u00e3o do g\u00eanero se tornou recorrente, e nem as igrejas evang\u00e9licas podem se furtar da discuss\u00e3o.<\/p>\n<p>Em Jesus, justi\u00e7a e pap\u00e9is de g\u00eanero &#8213; Mulheres no minist\u00e9rio, Kathy Keller se vale tanto de argumentos hermen\u00eauticos quanto de experi\u00eancias pessoais para tratar corajosamente toda controv\u00e9rsia que o assunto instila e demonstrar que, seja qual for o papel atribu\u00eddo ao homem ou \u00e0 mulher, \u00e9 somente na justi\u00e7a de Deus que ele pode se legitimar.<\/p>\n","protected":false},"excerpt":{"rendered":"<p>A vida de Kathy Keller como esposa de pastor n\u00e3o tem sido f\u00e1cil. E menos ainda como membro da lideran\u00e7a&hellip;<\/p>\n","protected":false},"featured_media":345330,"comment_status":"open","ping_status":"closed","template":"","meta":[],"product_cat":[143,142],"product_tag":[],"_links":{"self":[{"href":"https:\/\/www.livrariarema.com.br\/loja\/wp-json\/wp\/v2\/product\/230971"}],"collection":[{"href":"https:\/\/www.livrariarema.com.br\/loja\/wp-json\/wp\/v2\/product"}],"about":[{"href":"https:\/\/www.livrariarema.com.br\/loja\/wp-json\/wp\/v2\/types\/product"}],"replies":[{"embeddable":true,"href":"https:\/\/www.livrariarema.com.br\/loja\/wp-json\/wp\/v2\/comments?post=230971"}],"wp:featuredmedia":[{"embeddable":true,"href":"https:\/\/www.livrariarema.com.br\/loja\/wp-json\/wp\/v2\/media\/345330"}],"wp:attachment":[{"href":"https:\/\/www.livrariarema.com.br\/loja\/wp-json\/wp\/v2\/media?parent=230971"}],"wp:term":[{"taxonomy":"product_cat","embeddable":true,"href":"https:\/\/www.livrariarema.com.br\/loja\/wp-json\/wp\/v2\/product_cat?post=230971"},{"taxonomy":"product_tag","embeddable":true,"href":"https:\/\/www.livrariarema.com.br\/loja\/wp-json\/wp\/v2\/product_tag?post=230971"}],"curies":[{"name":"wp","href":"https:\/\/api.w.org\/{rel}","templated":true}]}}