{"id":231034,"date":"2023-05-05T16:33:27","date_gmt":"2023-05-05T19:33:27","guid":{"rendered":"https:\/\/www.livrariarema.com.br\/loja\/produtos\/sem%20categoria\/homem-que-nasceu-para-ser-rei-o-dorothy-l-sayers\/"},"modified":"2026-02-24T17:22:55","modified_gmt":"2026-02-24T20:22:55","slug":"homem-que-nasceu-para-ser-rei-o-dorothy-l-sayers","status":"publish","type":"product","link":"https:\/\/www.livrariarema.com.br\/loja\/produtos\/livros\/ficcao\/homem-que-nasceu-para-ser-rei-o-dorothy-l-sayers\/","title":{"rendered":"Homem Que Nasceu Para Ser Rei, O &#8211; Dorothy L. Sayers"},"content":{"rendered":"<p>&#8220;Terminei a leitura de `O homem que nasceu para ser Rei` e o considero um sucesso total. Espero l\u00ea-lo vezes sem conta&#8230;&#8221; &#8211;  C. S. Lewis<\/p>\n<p>A incr\u00edvel dramatiza\u00e7\u00e3o do momento mais importante da hist\u00f3ria para os crist\u00e3os. Conhe\u00e7a o livro indicado pelo renomado C.S. Lewis!<\/p>\n<p>Dorothy Sayers foi uma c\u00e9lebre intelectual, escritora e apologista inglesa. Famosa por seus romances ficcionais, ela aparece, neste livro crist\u00e3o, como artes\u00e3 habilidosa de uma dramaturgia da hist\u00f3ria de Jesus em doze pe\u00e7as.<\/p>\n<p>Sem deixar de lado o teor testemunhal dos Evangelhos, Sayers nos coloca em contato direto com as palavras vivas e com a realidade da vida de Cristo. Ela acrescenta introdu\u00e7\u00f5es, personagens secund\u00e1rios, dire\u00e7\u00f5es de palco, di\u00e1logos &#8211; detalhes diversos que nos ajudam a lembrar que, assim como n\u00f3s, essas pessoas respiravam e viviam uma exist\u00eancia imperfeita e, ainda assim, puderam partilhar com Cristo em sua jornada.<\/p>\n<p>Atrav\u00e9s dessas pe\u00e7as, o milagre da encarna\u00e7\u00e3o ganha novos contornos no imagin\u00e1rio do leitor. C. S. Lewis as apreciava tanto, que as leu no ano em que o livro foi lan\u00e7ado e em todas as Semanas Santas depois disso. \u00c9, sem d\u00favida alguma, uma leitura que vai encantar o leitor e lev\u00e1-lo a amar mais a Jesus.<\/p>\n","protected":false},"excerpt":{"rendered":"<p>&#8220;Terminei a leitura de `O homem que nasceu para ser Rei` e o considero um sucesso total. Espero l\u00ea-lo vezes&hellip;<\/p>\n","protected":false},"featured_media":345401,"comment_status":"open","ping_status":"closed","template":"","meta":[],"product_cat":[162,134],"product_tag":[],"_links":{"self":[{"href":"https:\/\/www.livrariarema.com.br\/loja\/wp-json\/wp\/v2\/product\/231034"}],"collection":[{"href":"https:\/\/www.livrariarema.com.br\/loja\/wp-json\/wp\/v2\/product"}],"about":[{"href":"https:\/\/www.livrariarema.com.br\/loja\/wp-json\/wp\/v2\/types\/product"}],"replies":[{"embeddable":true,"href":"https:\/\/www.livrariarema.com.br\/loja\/wp-json\/wp\/v2\/comments?post=231034"}],"wp:featuredmedia":[{"embeddable":true,"href":"https:\/\/www.livrariarema.com.br\/loja\/wp-json\/wp\/v2\/media\/345401"}],"wp:attachment":[{"href":"https:\/\/www.livrariarema.com.br\/loja\/wp-json\/wp\/v2\/media?parent=231034"}],"wp:term":[{"taxonomy":"product_cat","embeddable":true,"href":"https:\/\/www.livrariarema.com.br\/loja\/wp-json\/wp\/v2\/product_cat?post=231034"},{"taxonomy":"product_tag","embeddable":true,"href":"https:\/\/www.livrariarema.com.br\/loja\/wp-json\/wp\/v2\/product_tag?post=231034"}],"curies":[{"name":"wp","href":"https:\/\/api.w.org\/{rel}","templated":true}]}}