{"id":231041,"date":"2023-05-05T16:33:52","date_gmt":"2023-05-05T19:33:52","guid":{"rendered":"https:\/\/www.livrariarema.com.br\/loja\/produtos\/sem categoria\/calcados-confortaveis-2-dois-passos-para-a-frente-sharon-garlough-browndois\/"},"modified":"2026-02-11T09:20:49","modified_gmt":"2026-02-11T12:20:49","slug":"calcados-confortaveis-2-dois-passos-para-a-frente-sharon-garlough-browndois","status":"publish","type":"product","link":"https:\/\/www.livrariarema.com.br\/loja\/produtos\/livros\/romance\/calcados-confortaveis-2-dois-passos-para-a-frente-sharon-garlough-browndois\/","title":{"rendered":"Cal\u00e7ados Confort\u00e1veis 2 &#8211; Dois Passos Para A Frente &#8211; Sharon Garlough Browndois"},"content":{"rendered":"<p>UMA HIST\u00d3RIA SOBRE PERSEVERAR NA ESPERAN\u00c7A<\/p>\n<p>No Retiro Nova Esperan\u00e7a, Hannah, Meg, Charissa e Mara desenvolveram uma forte amizade e, juntas, deram os primeiros passos em dire\u00e7\u00e3o a uma rela\u00e7\u00e3o mais saud\u00e1vel com Deus e consigo mesmas. Agora, cada uma delas precisa encontrar seu pr\u00f3prio caminho para seguir nessa jornada. Hanna continua tentando equilibrar o descanso e o novo relacionamento e agora precisa lidar com uma ferida antiga que voltou a se abrir; Meg est\u00e1 indo \u00e0 Londres visitar sua \u00fanica filha pela primeira vez, mas o reencontro n\u00e3o sai como ela esperava; Mara anseia que sua dif\u00edcil vida familiar melhore, mas a situa\u00e7\u00e3o est\u00e1 cada vez mais tensa; Charissa est\u00e1 lutando para aceitar a gravidez n\u00e3o planejada, mas renunciar ao controle est\u00e1 sendo mais dif\u00edcil do que o esperado.<br \/>\nComo manter-se firme no caminho diante de tantas adversidades? <br \/>\nEnquanto esvaziam suas bagagens individuais e aprendem a superar os obst\u00e1culos dessa nova fase, as amigas descobrir\u00e3o que, muitas vezes, \u00e9 preciso dar um passo atr\u00e1s para poder seguir em frente.<\/p>\n","protected":false},"excerpt":{"rendered":"<p>UMA HIST\u00d3RIA SOBRE PERSEVERAR NA ESPERAN\u00c7A No Retiro Nova Esperan\u00e7a, Hannah, Meg, Charissa e Mara desenvolveram uma forte amizade e,&hellip;<\/p>\n","protected":false},"featured_media":343102,"comment_status":"open","ping_status":"closed","template":"","meta":[],"product_cat":[134,182],"product_tag":[],"_links":{"self":[{"href":"https:\/\/www.livrariarema.com.br\/loja\/wp-json\/wp\/v2\/product\/231041"}],"collection":[{"href":"https:\/\/www.livrariarema.com.br\/loja\/wp-json\/wp\/v2\/product"}],"about":[{"href":"https:\/\/www.livrariarema.com.br\/loja\/wp-json\/wp\/v2\/types\/product"}],"replies":[{"embeddable":true,"href":"https:\/\/www.livrariarema.com.br\/loja\/wp-json\/wp\/v2\/comments?post=231041"}],"wp:featuredmedia":[{"embeddable":true,"href":"https:\/\/www.livrariarema.com.br\/loja\/wp-json\/wp\/v2\/media\/343102"}],"wp:attachment":[{"href":"https:\/\/www.livrariarema.com.br\/loja\/wp-json\/wp\/v2\/media?parent=231041"}],"wp:term":[{"taxonomy":"product_cat","embeddable":true,"href":"https:\/\/www.livrariarema.com.br\/loja\/wp-json\/wp\/v2\/product_cat?post=231041"},{"taxonomy":"product_tag","embeddable":true,"href":"https:\/\/www.livrariarema.com.br\/loja\/wp-json\/wp\/v2\/product_tag?post=231041"}],"curies":[{"name":"wp","href":"https:\/\/api.w.org\/{rel}","templated":true}]}}