{"id":231470,"date":"2023-05-08T12:38:24","date_gmt":"2023-05-08T15:38:24","guid":{"rendered":"https:\/\/www.livrariarema.com.br\/loja\/produtos\/sem categoria\/na083jr-biblia-sagrada-jornada-flores\/"},"modified":"2026-04-29T13:55:27","modified_gmt":"2026-04-29T16:55:27","slug":"na083jr-biblia-sagrada-jornada-flores","status":"publish","type":"product","link":"https:\/\/www.livrariarema.com.br\/loja\/produtos\/biblias\/nova-almeida-atualizada\/na083jr-biblia-sagrada-jornada-flores\/","title":{"rendered":"Na083jr &#8211; B\u00edblia Sagrada Jornada &#8211; Flores"},"content":{"rendered":"<p>A B\u00edblia \u00e9 o livro que conta a jornada do ser humano neste mundo e o seu relacionamento com o Deus Criador e Salvador. Pensando nisso, a Sociedade B\u00edblica do Brasil preparou a B\u00edblia Sagrada Jornada, focando na singularidade do nosso relacionamento com Deus e da nossa intera\u00e7\u00e3o com a sua Palavra. Al\u00e9m do texto b\u00edblico Nova Almeida Atualizada (NAA) em uma linguagem contempor\u00e2nea, a B\u00edblia traz uma s\u00e9rie de recursos para que o leitor construa sua jornada particular com Deus. Na B\u00edblia Sagrada Jornada, ao ler a Palavra de Deus, o leitor poder\u00e1 interagir, registrando o que pensa ou sente, anotando explica\u00e7\u00f5es ou prega\u00e7\u00f5es, fazendo ilustra\u00e7\u00f5es, sublinhando ou destacando o que mais chamou a aten\u00e7\u00e3o no texto sagrado. Esta B\u00edblia \u00e9 ideal para tudo isso e muito mais.<\/p>\n","protected":false},"excerpt":{"rendered":"<p>A B\u00edblia \u00e9 o livro que conta a jornada do ser humano neste mundo e o seu relacionamento com o&hellip;<\/p>\n","protected":false},"featured_media":347601,"comment_status":"open","ping_status":"closed","template":"","meta":[],"product_cat":[139,174],"product_tag":[],"_links":{"self":[{"href":"https:\/\/www.livrariarema.com.br\/loja\/wp-json\/wp\/v2\/product\/231470"}],"collection":[{"href":"https:\/\/www.livrariarema.com.br\/loja\/wp-json\/wp\/v2\/product"}],"about":[{"href":"https:\/\/www.livrariarema.com.br\/loja\/wp-json\/wp\/v2\/types\/product"}],"replies":[{"embeddable":true,"href":"https:\/\/www.livrariarema.com.br\/loja\/wp-json\/wp\/v2\/comments?post=231470"}],"wp:featuredmedia":[{"embeddable":true,"href":"https:\/\/www.livrariarema.com.br\/loja\/wp-json\/wp\/v2\/media\/347601"}],"wp:attachment":[{"href":"https:\/\/www.livrariarema.com.br\/loja\/wp-json\/wp\/v2\/media?parent=231470"}],"wp:term":[{"taxonomy":"product_cat","embeddable":true,"href":"https:\/\/www.livrariarema.com.br\/loja\/wp-json\/wp\/v2\/product_cat?post=231470"},{"taxonomy":"product_tag","embeddable":true,"href":"https:\/\/www.livrariarema.com.br\/loja\/wp-json\/wp\/v2\/product_tag?post=231470"}],"curies":[{"name":"wp","href":"https:\/\/api.w.org\/{rel}","templated":true}]}}