{"id":231472,"date":"2023-05-08T12:38:30","date_gmt":"2023-05-08T15:38:30","guid":{"rendered":"https:\/\/www.livrariarema.com.br\/loja\/produtos\/sem categoria\/ra065bf2-biblia-da-familia-branca-e-marrom-jaime-e-judith-kemp\/"},"modified":"2026-02-26T14:50:24","modified_gmt":"2026-02-26T17:50:24","slug":"ra065bf2-biblia-da-familia-branca-e-marrom-jaime-e-judith-kemp","status":"publish","type":"product","link":"https:\/\/www.livrariarema.com.br\/loja\/produtos\/biblias\/estudo\/ra065bf2-biblia-da-familia-branca-e-marrom-jaime-e-judith-kemp\/","title":{"rendered":"Ra065bf2 &#8211; Biblia Da Fam\u00edlia &#8211; Branca E Marrom &#8211; Jaime E Judith Kemp"},"content":{"rendered":"<p>Esta \u00e9 uma B\u00edblia que oferece recursos para fortalecer e estreitar os la\u00e7os familiares. Re\u00fane 482 artigos que levam a assinatura de Jaime e Judith Kemp. Com um reconhecido minist\u00e9rio de apoio \u00e0 fam\u00edlia e mais de 50 obras publicadas sobre o assunto, o casal aborda temas relacionados \u00e0 adolesc\u00eancia, namoro, casamento e melhor idade a partir de uma perspectiva crist\u00e3, fundamentada na Palavra de Deus.<\/p>\n","protected":false},"excerpt":{"rendered":"<p>Esta \u00e9 uma B\u00edblia que oferece recursos para fortalecer e estreitar os la\u00e7os familiares. Re\u00fane 482 artigos que levam a&hellip;<\/p>\n","protected":false},"featured_media":343838,"comment_status":"open","ping_status":"closed","template":"","meta":[],"product_cat":[139,140],"product_tag":[],"_links":{"self":[{"href":"https:\/\/www.livrariarema.com.br\/loja\/wp-json\/wp\/v2\/product\/231472"}],"collection":[{"href":"https:\/\/www.livrariarema.com.br\/loja\/wp-json\/wp\/v2\/product"}],"about":[{"href":"https:\/\/www.livrariarema.com.br\/loja\/wp-json\/wp\/v2\/types\/product"}],"replies":[{"embeddable":true,"href":"https:\/\/www.livrariarema.com.br\/loja\/wp-json\/wp\/v2\/comments?post=231472"}],"wp:featuredmedia":[{"embeddable":true,"href":"https:\/\/www.livrariarema.com.br\/loja\/wp-json\/wp\/v2\/media\/343838"}],"wp:attachment":[{"href":"https:\/\/www.livrariarema.com.br\/loja\/wp-json\/wp\/v2\/media?parent=231472"}],"wp:term":[{"taxonomy":"product_cat","embeddable":true,"href":"https:\/\/www.livrariarema.com.br\/loja\/wp-json\/wp\/v2\/product_cat?post=231472"},{"taxonomy":"product_tag","embeddable":true,"href":"https:\/\/www.livrariarema.com.br\/loja\/wp-json\/wp\/v2\/product_tag?post=231472"}],"curies":[{"name":"wp","href":"https:\/\/api.w.org\/{rel}","templated":true}]}}