{"id":231687,"date":"2023-05-09T11:00:26","date_gmt":"2023-05-09T14:00:26","guid":{"rendered":"https:\/\/www.livrariarema.com.br\/loja\/produtos\/sem categoria\/cronicas-de-narnia-vol-4-a-cadeira-de-prata-c-s-lewis\/"},"modified":"2026-04-30T11:27:29","modified_gmt":"2026-04-30T14:27:29","slug":"cronicas-de-narnia-vol-4-a-cadeira-de-prata-c-s-lewis","status":"publish","type":"product","link":"https:\/\/www.livrariarema.com.br\/loja\/produtos\/livros\/ficcao\/cronicas-de-narnia-vol-4-a-cadeira-de-prata-c-s-lewis\/","title":{"rendered":"Cr\u00f4nicas De N\u00e1rnia &#8211; Vol. 4 &#8211; A Cadeira De Prata &#8211; C. S. Lewis"},"content":{"rendered":"<p>Reinos m\u00e1gicos, criaturas inesquec\u00edveis e batalhas \u00e9picas entre o bem e o mal: essas hist\u00f3rias s\u00e3o narradas em As Cr\u00f4nicas de N\u00e1rnia &#8211; uma s\u00e9rie de sete livros que acompanha crian\u00e7as curiosas e suas aventuras entre o nosso mundo e outros universos m\u00e1gicos e que, por d\u00e9cadas, encanta leitores de todas as idades. Em A Cadeira de Prata, anos se passaram em N\u00e1rnia. O Rei Caspian X j\u00e1 est\u00e1 bem velho, e o Pr\u00edncipe Rilian, seu \u00fanico filho e herdeiro, est\u00e1 desaparecido. Para desvendar esse mist\u00e9rio, Aslan convoca Eust\u00e1quio, o primo dos irm\u00e3os Pevensie, e Giu, a amiga de escola que j\u00e1 o escutou falar muito a respeito desse mundo m\u00e1gico.<br \/>\nGuiados por Po\u00e7aflito, um narniano extremamente pessimista e preocupado, eles v\u00e3o embarcar em uma jornada muito perigosa que os levar\u00e1 at\u00e9 o fundo do mundo.<\/p>\n","protected":false},"excerpt":{"rendered":"<p>Reinos m\u00e1gicos, criaturas inesquec\u00edveis e batalhas \u00e9picas entre o bem e o mal: essas hist\u00f3rias s\u00e3o narradas em As Cr\u00f4nicas&hellip;<\/p>\n","protected":false},"featured_media":347778,"comment_status":"open","ping_status":"closed","template":"","meta":[],"product_cat":[162,134],"product_tag":[],"_links":{"self":[{"href":"https:\/\/www.livrariarema.com.br\/loja\/wp-json\/wp\/v2\/product\/231687"}],"collection":[{"href":"https:\/\/www.livrariarema.com.br\/loja\/wp-json\/wp\/v2\/product"}],"about":[{"href":"https:\/\/www.livrariarema.com.br\/loja\/wp-json\/wp\/v2\/types\/product"}],"replies":[{"embeddable":true,"href":"https:\/\/www.livrariarema.com.br\/loja\/wp-json\/wp\/v2\/comments?post=231687"}],"wp:featuredmedia":[{"embeddable":true,"href":"https:\/\/www.livrariarema.com.br\/loja\/wp-json\/wp\/v2\/media\/347778"}],"wp:attachment":[{"href":"https:\/\/www.livrariarema.com.br\/loja\/wp-json\/wp\/v2\/media?parent=231687"}],"wp:term":[{"taxonomy":"product_cat","embeddable":true,"href":"https:\/\/www.livrariarema.com.br\/loja\/wp-json\/wp\/v2\/product_cat?post=231687"},{"taxonomy":"product_tag","embeddable":true,"href":"https:\/\/www.livrariarema.com.br\/loja\/wp-json\/wp\/v2\/product_tag?post=231687"}],"curies":[{"name":"wp","href":"https:\/\/api.w.org\/{rel}","templated":true}]}}