{"id":232317,"date":"2023-05-11T11:01:10","date_gmt":"2023-05-11T14:01:10","guid":{"rendered":"https:\/\/www.livrariarema.com.br\/loja\/produtos\/sem categoria\/poder-da-mulher-que-ora-stormie-omartian-nova-edicao\/"},"modified":"2026-03-30T16:56:20","modified_gmt":"2026-03-30T19:56:20","slug":"poder-da-mulher-que-ora-stormie-omartian-nova-edicao","status":"publish","type":"product","link":"https:\/\/www.livrariarema.com.br\/loja\/produtos\/livros\/oracao\/poder-da-mulher-que-ora-stormie-omartian-nova-edicao\/","title":{"rendered":"Poder Da Mulher Que Ora &#8211; Stormie Omartian (Nova Edi\u00e7\u00e3o)"},"content":{"rendered":"<p>O poder da mulher que ora est\u00e1 com nova edi\u00e7\u00e3o ampliada e atualizada, para edificar, encorajar, aconselhar e oferecer \u00e0s mulheres um rico repert\u00f3rio de ensinamentos e referenciais b\u00edblicos sobre o poder da ora\u00e7\u00e3o.<Br><br \/>\nDividido em 31 cap\u00edtulos versados em temas importantes da alma feminina, O poder da mulher que ora traz hist\u00f3rias inspiradoras, modelos de ora\u00e7\u00e3o e compila\u00e7\u00f5es de vers\u00edculos b\u00edblicos diversos, para que a leitora desenvolva a pr\u00e1tica da ora\u00e7\u00e3o e tenha vit\u00f3rias em \u00e2mbito pessoal e familiar.<Br><br \/>\nEscrito ao estilo cativante de Stormie Omartian, transparente, honesto, pr\u00f3ximo da leitora e com vi\u00e9s pr\u00e1tico, O poder da mulher que ora \u00e9 f\u00e1cil de ler e aplicar no dia a dia. N\u00e3o \u00e9 \u00e0 toa que seus livros sobre ora\u00e7\u00e3o superam o marco de 1 milh\u00e3o de exemplares vendidos s\u00f3 no Brasil.<\/p>\n","protected":false},"excerpt":{"rendered":"<p>O poder da mulher que ora est\u00e1 com nova edi\u00e7\u00e3o ampliada e atualizada, para edificar, encorajar, aconselhar e oferecer \u00e0s&hellip;<\/p>\n","protected":false},"featured_media":344249,"comment_status":"open","ping_status":"closed","template":"","meta":[],"product_cat":[134,171],"product_tag":[],"_links":{"self":[{"href":"https:\/\/www.livrariarema.com.br\/loja\/wp-json\/wp\/v2\/product\/232317"}],"collection":[{"href":"https:\/\/www.livrariarema.com.br\/loja\/wp-json\/wp\/v2\/product"}],"about":[{"href":"https:\/\/www.livrariarema.com.br\/loja\/wp-json\/wp\/v2\/types\/product"}],"replies":[{"embeddable":true,"href":"https:\/\/www.livrariarema.com.br\/loja\/wp-json\/wp\/v2\/comments?post=232317"}],"wp:featuredmedia":[{"embeddable":true,"href":"https:\/\/www.livrariarema.com.br\/loja\/wp-json\/wp\/v2\/media\/344249"}],"wp:attachment":[{"href":"https:\/\/www.livrariarema.com.br\/loja\/wp-json\/wp\/v2\/media?parent=232317"}],"wp:term":[{"taxonomy":"product_cat","embeddable":true,"href":"https:\/\/www.livrariarema.com.br\/loja\/wp-json\/wp\/v2\/product_cat?post=232317"},{"taxonomy":"product_tag","embeddable":true,"href":"https:\/\/www.livrariarema.com.br\/loja\/wp-json\/wp\/v2\/product_tag?post=232317"}],"curies":[{"name":"wp","href":"https:\/\/api.w.org\/{rel}","templated":true}]}}