{"id":232533,"date":"2023-05-12T11:21:07","date_gmt":"2023-05-12T14:21:07","guid":{"rendered":"https:\/\/www.livrariarema.com.br\/loja\/produtos\/sem categoria\/pequena-bencao-um-livro-aviso-de-porta-agradecendo-pela-famila\/"},"modified":"2025-09-06T12:02:51","modified_gmt":"2025-09-06T15:02:51","slug":"pequena-bencao-um-livro-aviso-de-porta-agradecendo-pela-famila","status":"publish","type":"product","link":"https:\/\/www.livrariarema.com.br\/loja\/produtos\/livros\/infantil\/pequena-bencao-um-livro-aviso-de-porta-agradecendo-pela-famila\/","title":{"rendered":"Pequena B\u00ean\u00e7\u00e3o &#8211; Um Livro Aviso De Porta &#8211; Agradecendo Pela Famila"},"content":{"rendered":"<p>Um livro aviso de porta com Palavras de Vida para o dia a dia da crian\u00e7a.<\/p>\n","protected":false},"excerpt":{"rendered":"<p>Um livro aviso de porta com Palavras de Vida para o dia a dia da crian\u00e7a.<\/p>\n","protected":false},"featured_media":285158,"comment_status":"open","ping_status":"closed","template":"","meta":[],"product_cat":[144,134],"product_tag":[],"_links":{"self":[{"href":"https:\/\/www.livrariarema.com.br\/loja\/wp-json\/wp\/v2\/product\/232533"}],"collection":[{"href":"https:\/\/www.livrariarema.com.br\/loja\/wp-json\/wp\/v2\/product"}],"about":[{"href":"https:\/\/www.livrariarema.com.br\/loja\/wp-json\/wp\/v2\/types\/product"}],"replies":[{"embeddable":true,"href":"https:\/\/www.livrariarema.com.br\/loja\/wp-json\/wp\/v2\/comments?post=232533"}],"wp:featuredmedia":[{"embeddable":true,"href":"https:\/\/www.livrariarema.com.br\/loja\/wp-json\/wp\/v2\/media\/285158"}],"wp:attachment":[{"href":"https:\/\/www.livrariarema.com.br\/loja\/wp-json\/wp\/v2\/media?parent=232533"}],"wp:term":[{"taxonomy":"product_cat","embeddable":true,"href":"https:\/\/www.livrariarema.com.br\/loja\/wp-json\/wp\/v2\/product_cat?post=232533"},{"taxonomy":"product_tag","embeddable":true,"href":"https:\/\/www.livrariarema.com.br\/loja\/wp-json\/wp\/v2\/product_tag?post=232533"}],"curies":[{"name":"wp","href":"https:\/\/api.w.org\/{rel}","templated":true}]}}