{"id":232545,"date":"2023-05-12T11:21:42","date_gmt":"2023-05-12T14:21:42","guid":{"rendered":"https:\/\/www.livrariarema.com.br\/loja\/produtos\/sem categoria\/livro-de-banho-banho-e-bom-formas\/"},"modified":"2025-11-14T10:41:02","modified_gmt":"2025-11-14T13:41:02","slug":"livro-de-banho-banho-e-bom-formas","status":"publish","type":"product","link":"https:\/\/www.livrariarema.com.br\/loja\/produtos\/livros\/infantil\/livro-de-banho-banho-e-bom-formas\/","title":{"rendered":"Livro De Banho &#8211; Banho \u00c9 Bom! &#8211; Formas"},"content":{"rendered":"<p>Banho \u00e9 bom! Uma encantadora cole\u00e7\u00e3o de livrinhos de nomea\u00e7\u00e3o com ilustra\u00e7\u00e3o serpercoloridas, desenvolvidas para tornar a hora do banho ainda mais divertida. Seu beb\u00ea vai amar!<\/p>\n","protected":false},"excerpt":{"rendered":"<p>Banho \u00e9 bom! Uma encantadora cole\u00e7\u00e3o de livrinhos de nomea\u00e7\u00e3o com ilustra\u00e7\u00e3o serpercoloridas, desenvolvidas para tornar a hora do banho&hellip;<\/p>\n","protected":false},"featured_media":319941,"comment_status":"open","ping_status":"closed","template":"","meta":[],"product_cat":[144,134],"product_tag":[],"_links":{"self":[{"href":"https:\/\/www.livrariarema.com.br\/loja\/wp-json\/wp\/v2\/product\/232545"}],"collection":[{"href":"https:\/\/www.livrariarema.com.br\/loja\/wp-json\/wp\/v2\/product"}],"about":[{"href":"https:\/\/www.livrariarema.com.br\/loja\/wp-json\/wp\/v2\/types\/product"}],"replies":[{"embeddable":true,"href":"https:\/\/www.livrariarema.com.br\/loja\/wp-json\/wp\/v2\/comments?post=232545"}],"wp:featuredmedia":[{"embeddable":true,"href":"https:\/\/www.livrariarema.com.br\/loja\/wp-json\/wp\/v2\/media\/319941"}],"wp:attachment":[{"href":"https:\/\/www.livrariarema.com.br\/loja\/wp-json\/wp\/v2\/media?parent=232545"}],"wp:term":[{"taxonomy":"product_cat","embeddable":true,"href":"https:\/\/www.livrariarema.com.br\/loja\/wp-json\/wp\/v2\/product_cat?post=232545"},{"taxonomy":"product_tag","embeddable":true,"href":"https:\/\/www.livrariarema.com.br\/loja\/wp-json\/wp\/v2\/product_tag?post=232545"}],"curies":[{"name":"wp","href":"https:\/\/api.w.org\/{rel}","templated":true}]}}