{"id":232571,"date":"2023-05-12T11:23:02","date_gmt":"2023-05-12T14:23:02","guid":{"rendered":"https:\/\/www.livrariarema.com.br\/loja\/produtos\/sem categoria\/livro-de-banho-agitos-no-banho-ii-croccc-croccc\/"},"modified":"2026-02-28T10:20:55","modified_gmt":"2026-02-28T13:20:55","slug":"livro-de-banho-agitos-no-banho-ii-croccc-croccc","status":"publish","type":"product","link":"https:\/\/www.livrariarema.com.br\/loja\/produtos\/livros\/infantil\/livro-de-banho-agitos-no-banho-ii-croccc-croccc\/","title":{"rendered":"Livro De Banho &#8211; Agitos No Banho Ii &#8211; Croccc Croccc"},"content":{"rendered":"<p>A hora do banho pode ser um momento de gostosa brincadeira para o beb\u00ea. Este livro encantar\u00e1 pela beleza das ilustra\u00e7\u00f5es e por seus simp\u00e1ticos amiguinhos animais.<\/p>\n","protected":false},"excerpt":{"rendered":"<p>A hora do banho pode ser um momento de gostosa brincadeira para o beb\u00ea. Este livro encantar\u00e1 pela beleza das&hellip;<\/p>\n","protected":false},"featured_media":261116,"comment_status":"open","ping_status":"closed","template":"","meta":[],"product_cat":[144,134],"product_tag":[],"_links":{"self":[{"href":"https:\/\/www.livrariarema.com.br\/loja\/wp-json\/wp\/v2\/product\/232571"}],"collection":[{"href":"https:\/\/www.livrariarema.com.br\/loja\/wp-json\/wp\/v2\/product"}],"about":[{"href":"https:\/\/www.livrariarema.com.br\/loja\/wp-json\/wp\/v2\/types\/product"}],"replies":[{"embeddable":true,"href":"https:\/\/www.livrariarema.com.br\/loja\/wp-json\/wp\/v2\/comments?post=232571"}],"wp:featuredmedia":[{"embeddable":true,"href":"https:\/\/www.livrariarema.com.br\/loja\/wp-json\/wp\/v2\/media\/261116"}],"wp:attachment":[{"href":"https:\/\/www.livrariarema.com.br\/loja\/wp-json\/wp\/v2\/media?parent=232571"}],"wp:term":[{"taxonomy":"product_cat","embeddable":true,"href":"https:\/\/www.livrariarema.com.br\/loja\/wp-json\/wp\/v2\/product_cat?post=232571"},{"taxonomy":"product_tag","embeddable":true,"href":"https:\/\/www.livrariarema.com.br\/loja\/wp-json\/wp\/v2\/product_tag?post=232571"}],"curies":[{"name":"wp","href":"https:\/\/api.w.org\/{rel}","templated":true}]}}