{"id":232596,"date":"2023-05-12T11:24:17","date_gmt":"2023-05-12T14:24:17","guid":{"rendered":"https:\/\/www.livrariarema.com.br\/loja\/produtos\/sem categoria\/livro-fantoche-livrinho-fantoche-de-banho-leo-o-leao\/"},"modified":"2025-05-14T09:43:23","modified_gmt":"2025-05-14T12:43:23","slug":"livro-fantoche-livrinho-fantoche-de-banho-leo-o-leao","status":"publish","type":"product","link":"https:\/\/www.livrariarema.com.br\/loja\/produtos\/livros\/infantil\/livro-fantoche-livrinho-fantoche-de-banho-leo-o-leao\/","title":{"rendered":"Livro Fantoche &#8211; Livrinho Fantoche De Banho: Leo, O Le\u00e3o"},"content":{"rendered":"<p>Divers\u00e3o interativa na hora do banho. Seu beb\u00ea vai amar!<\/p>\n","protected":false},"excerpt":{"rendered":"<p>Divers\u00e3o interativa na hora do banho. Seu beb\u00ea vai amar!<\/p>\n","protected":false},"featured_media":331057,"comment_status":"open","ping_status":"closed","template":"","meta":[],"product_cat":[144,134],"product_tag":[],"_links":{"self":[{"href":"https:\/\/www.livrariarema.com.br\/loja\/wp-json\/wp\/v2\/product\/232596"}],"collection":[{"href":"https:\/\/www.livrariarema.com.br\/loja\/wp-json\/wp\/v2\/product"}],"about":[{"href":"https:\/\/www.livrariarema.com.br\/loja\/wp-json\/wp\/v2\/types\/product"}],"replies":[{"embeddable":true,"href":"https:\/\/www.livrariarema.com.br\/loja\/wp-json\/wp\/v2\/comments?post=232596"}],"wp:featuredmedia":[{"embeddable":true,"href":"https:\/\/www.livrariarema.com.br\/loja\/wp-json\/wp\/v2\/media\/331057"}],"wp:attachment":[{"href":"https:\/\/www.livrariarema.com.br\/loja\/wp-json\/wp\/v2\/media?parent=232596"}],"wp:term":[{"taxonomy":"product_cat","embeddable":true,"href":"https:\/\/www.livrariarema.com.br\/loja\/wp-json\/wp\/v2\/product_cat?post=232596"},{"taxonomy":"product_tag","embeddable":true,"href":"https:\/\/www.livrariarema.com.br\/loja\/wp-json\/wp\/v2\/product_tag?post=232596"}],"curies":[{"name":"wp","href":"https:\/\/api.w.org\/{rel}","templated":true}]}}